{"id":5704,"date":"2025-09-09T15:18:16","date_gmt":"2025-09-09T14:18:16","guid":{"rendered":"https:\/\/meic.cymru\/cookie-policy\/"},"modified":"2025-09-09T16:15:14","modified_gmt":"2025-09-09T15:15:14","slug":"polisi-cwcis","status":"publish","type":"page","link":"https:\/\/meic.cymru\/cy\/polisi-cwcis\/","title":{"rendered":"Polisi Cwcis"},"content":{"rendered":"\n<\/div>\n<div  class=\"header-block\" style=\"\">\n        <div class=\"container-narrow mx-auto container mb-20\">\n            <div class=\" py-6\">\n                            <\/div>\n            <div class=\"\">\n                                    <h1 class=\" text-center text-purple\">Polisi Cwcis<\/h1>\n                                                            <\/div>\n    <\/div>\n\n\n    \n<\/div>\n\n<div class=\"container container-narrow mx-auto\">\n\n\n<h3 class=\"wp-block-heading\">Defnydd o gwcis gan Meic<\/h3>\n\n\n\n<p>Ffeiliau testun bach yw cwcis y mae\u2019r gwefannau rydych chi\u2019n ymweld \u00e2 nhw yn eu hanfon i\u2019ch cyfrifiadur neu\u2019ch dyfais symudol. Maen nhw\u2019n helpu gwefannau i weithio\u2019n well ac yn rhoi gwybodaeth i berchnogion gwefannau. Er enghraifft, rydym yn defnyddio cwcis iaith er mwyn gwybod ym mha iaith yr hoffech weld y wefan, rydym hefyd yn defnyddio cwcis YouTube i osod fideos ar dudalennau a chwcis Google Anaytics i olrhain ymddygiad defnyddwyr ar y wefan. Drwy ddeall sut mae pobl yn defnyddio\u2019n gwefan, gallwn ei gwneud yn haws i&#8217;w defnyddio a chynnig cynnwys sy\u2019n diwallu anghenion pobl yn well.<\/p>\n\n\n\n<p>Mae\u2019r wybodaeth y mae Meic yn ei chasglu yn cynnwys cyfeiriad IP, tudalennau yr ymwelwyd \u00e2 nhw, y porwr a&#8217;r system weithredu. Ni chaiff y data eu defnyddio i adnabod unrhyw ddefnyddwyr yn bersonol. Dyma\u2019r cwcis rydym yn eu defnyddio ar ein gwefan:<\/p>\n\n\n\n<div style=\"height:30px\" aria-hidden=\"true\" class=\"wp-block-spacer\"><\/div>\n\n\n\n<figure class=\"wp-block-table\"><table class=\"has-fixed-layout\"><thead><tr><th>Cwci<\/th><th>Enw<\/th><th>Diben<\/th><th>Dod i ben<\/th><\/tr><\/thead><tbody><tr><td>Language version<\/td><td>langPrefWAG<\/td><td>Y system rheoli cynnwys sy\u2019n creu\u2019r cwci hwn ac mae\u2019n hanfodol er mwyn i\u2019r wefan ddangos yn yr iaith gywir.<\/td><td>Pan fyddwch yn cau eich porwr<\/td><\/tr><tr><td>Session Tracking<\/td><td>JSessionID<\/td><td>Er mwyn olrhain sesiwn pan fo&#8217;r cwcis wedi&#8217;u diffodd. Mae hyn yn caniat\u00e1u i&#8217;r porwr gadw eich sesiwn.<\/td><td>Ar ddiwedd y sesiwn<\/td><\/tr><tr><td>GoogleAnalytics<\/td><td>_ga<\/td><td>Caiff y cwci hwn ei ddefnyddio i weld sut mae ymwelwyr yn defnyddio&#8217;n gwefan. Rydyn ni&#8217;n defnyddio&#8217;r wybodaeth i&#8217;n helpu i wella&#8217;r wefan. Mae&#8217;r cwci yn casglu gwybodaeth yn ddienw, gan gynnwys gwybodaeth ddemograffig, nifer yr ymwelwyr \u00e2&#8217;r wefan, a ydyn nhw wedi ymweld \u00e2&#8217;r wefan o&#8217;r blaen, a&#8217;r tudalennau y maen nhw&#8217;n ymweld \u00e2 nhw.<\/td><td>2 flynedd<\/td><\/tr><tr><td>CookieControl<\/td><td>civicAllowCookies<br>civicShowCookieIcon<\/td><td>Mae\u2019r cwci hwn yn cofnodi a yw defnyddiwr wedi derbyn y defnydd o gwcis ar ein gwefan.<\/td><td>10 awr<\/td><\/tr><tr><td>YouTube<\/td><td>VISITOR_INFO1_LIVE PREF<\/td><td>Mae\u2019r cwcis hyn yn hanfodol i ddangos fideos YouTube ar ein gwefan.<\/td><td>8 mis<\/td><\/tr><tr><td>YouTube<\/td><td>use_hitbox<\/td><td>&nbsp;<\/td><td>Ar ddiwedd y sesiwn<\/td><\/tr><\/tbody><\/table><\/figure>\n\n\n\n<div style=\"height:30px\" aria-hidden=\"true\" class=\"wp-block-spacer\"><\/div>\n\n\n\n<p>Mae modd rheoli rhywfaint ar gwcis drwy osodiadau eich porwr. I ddysgu rhagor am gwcis a sut i\u2019w rheoli, ewch i&nbsp;<a href=\"http:\/\/www.allaboutcookies.org\/\">www.allaboutcookies.org<\/a>.<\/p>\n\n\n\n<h3 class=\"wp-block-heading\">Pa wybodaeth sy&#8217;n cael ei chasglu gennym?<\/h3>\n\n\n\n<p>Rydym yn monitro gweithgarwch defnyddwyr y wefan hon er mwyn gwella\u2019r cynnwys. Mae\u2019r wefan yn defnyddio Google Analytics, gwasanaeth dadansoddi\u2019r we a ddarperir gan Google Inc. (&#8216;Google&#8217;). Mae Google Analytics yn defnyddio &#8216;cwcis&#8217; a chod JavaScript i helpu i ddadansoddi sut mae defnyddwyr yn defnyddio gwefannau. Bydd yr wybodaeth a gynhyrchir am eich defnydd o\u2019r wefan (gan gynnwys eich cyfeiriad IP dienw) yn cael ei throsglwyddo a\u2019i storio ar weinyddion Google yn yr Unol Daleithiau.<\/p>\n\n\n\n<p>Bydd Google yn defnyddio\u2019r wybodaeth hon er mwyn llunio adroddiadau am weithgaredd defnyddwyr y wefan hon. &nbsp;Gall Google hefyd drosglwyddo\u2019r wybodaeth hon i drydydd parti pan fydd yn ofynnol i wneud yn \u00f4l y gyfraith, neu pan fydd trydydd parti yn prosesu\u2019r wybodaeth ar ran Google.<\/p>\n\n\n\n<p>Ni fydd Google yn cysylltu eich cyfeiriad IP gydag unrhyw ddata eraill a gedwir ganddo. Gallwch wrthod defnyddio cwcis drwy ddewis y gosodiadau priodol ar eich porwr, ond nodwch os gwnewch hyn efallai na fyddwch yn gallu defnyddio\u2019r wefan hon yn llawn. Drwy ddefnyddio\u2019r wefan hon, rydych yn rhoi caniat\u00e2d i Google brosesu data amdanoch chi yn y dull ac i\u2019r dibenion a nodwyd uchod.<\/p>\n\n\n\n<p>Darllenwch&nbsp;<a href=\"https:\/\/policies.google.com\/privacy\">Bolisi Preifatrwydd Google<\/a>&nbsp;&nbsp;a&nbsp;<a href=\"https:\/\/policies.google.com\/terms\">Thelerau Gwasanaeth Google<\/a>&nbsp;i gael yr wybodaeth fanwl.<\/p>\n\n\n\n<p>O bryd i\u2019w gilydd, mae\u2019r wefan hon yn darparu dolenni at ffurflenni Survey Monkey ar gyfer casglu data. Caiff y data hyn eu prosesu yn yr Unol Daleithiau ac mae\u2019r modd y c\u00e2nt eu trin yn bodloni&nbsp;<a href=\"https:\/\/www.surveymonkey.com\/mp\/gdpr\/\">darpariaethau\u2019r Rheoliad Cyffredinol ar Reoli Data<\/a>.<\/p>\n\n\n\n<h3 class=\"wp-block-heading\">Eich Rhyngweithiad \u00e2&#8217;r Wefan Hon<\/h3>\n\n\n\n<p>Rydym yn casglu dau fath o wybodaeth electronig oddi wrth y rheini sy&#8217;n ymweld \u00e2&#8217;r wefan hon; adborth a manylion tanysgrifio drwy e-bost.<\/p>\n\n\n\n<h3 class=\"wp-block-heading\">Peiriant Chwilio<\/h3>\n\n\n\n<p>Google Search Appliance (GSA) sy&#8217;n cynnal ein cyfleuster chwilota ar ein gwefan. Mae ymholiadau a chanlyniadau chwiliadau yn cael eu logio\u2019n ddienw er mwyn ein helpu i wella&#8217;n gwefan a\u2019r cyfleusterau chwilio. Nid oes unrhyw ddata penodol am ddefnyddwyr yn cael eu casglu gan Meic nac unrhyw drydydd parti.<\/p>\n\n\n\n<h3 class=\"wp-block-heading\">E-newyddlen<\/h3>\n\n\n\n<p>Rydym yn defnyddio&#8217;r darparwr trydydd parti GovDelivery i anfon ein e-newyddlenni misol. Rydym yn casglu ystadegau ynghylch yr e-byst sy&#8217;n cael eu hagor a nifer y cliciau drwy ddefnyddio technolegau safonol y diwydiant, gan gynnwys GIFs clir i&#8217;n helpu i fonitro a gwella ein e-newyddlen. I gael rhagor o wybodaeth, gweler&nbsp;<a href=\"https:\/\/uk.granicus.com\/granicus-and-gdpr\/\">polisi GovDelivery ar y Rheoliad Cyffredinol ar Reoli Data<\/a>. Mae hefyd modd gweld ei Bolisi Preifatrwydd cyffredinol yma.<\/p>\n\n\n\n<h3 class=\"wp-block-heading\">Ymgyngoriadau ac offer arolygon ar-lein<\/h3>\n\n\n\n<p>Rydym yn casglu gwybodaeth sy&#8217;n cael ei rhoi&#8217;n wirfoddol gan y cyhoedd drwy ddefnyddio offeryn arolygon ar-lein a gynhelir drwy Smart Survey, sy\u2019n gweithredu fel prosesydd data i Meic ac yn prosesu gwybodaeth bersonol yn unol \u00e2&#8217;n cyfarwyddiadau yn unig. Mae Smart Survey yn gweithredu o&#8217;r Unol Daleithiau, ond mae wedi rhoi sicrhad ei fod yn bodloni safonau&#8217;r Rheoliad Cyffredinol ar Reoli Data, fel y gwelir yn ei&nbsp;<a href=\"https:\/\/www.smartsurvey.co.uk\/privacy-policy\">Bolisi Preifatrwydd<\/a>.<\/p>\n\n\n\n<p>O bryd i&#8217;w gilydd, rydym yn cynnal arolygon drwy ddefnyddio Survey Monkey. Mae Survey Monkey wedi rhoi sicrhad bod y cwmni&#8217;n bodloni&nbsp;<a href=\"https:\/\/www.surveymonkey.com\/curiosity\/surveymonkey-committed-to-gdpr-compliance\/\">safonau&#8217;r Rheoliad Cyffredinol<\/a>, er ei fod hefyd yn gweithredu ac yn cadw&#8217;r holl ddata yn yr Unol Daleithiau. Gweler hefyd&nbsp;<a href=\"https:\/\/www.surveymonkey.com\/mp\/policy\/privacy-policy\/\">Bolisi Preifatrwydd<\/a>&nbsp;y cwmni.<\/p>\n\n\n\n<div style=\"height:30px\" aria-hidden=\"true\" class=\"wp-block-spacer\"><\/div>\n","protected":false},"excerpt":{"rendered":"<p>Defnydd o gwcis gan Meic Ffeiliau testun bach yw cwcis y mae\u2019r gwefannau rydych chi\u2019n ymweld \u00e2 nhw yn eu hanfon i\u2019ch cyfrifiadur neu\u2019ch dyfais symudol. Maen nhw\u2019n helpu gwefannau i weithio\u2019n well ac yn rhoi gwybodaeth i berchnogion gwefannau. Er enghraifft, rydym yn defnyddio cwcis iaith er mwyn gwybod ym mha iaith yr hoffech [&hellip;]<\/p>\n","protected":false},"author":2,"featured_media":0,"parent":0,"menu_order":0,"comment_status":"closed","ping_status":"closed","template":"","meta":{"_acf_changed":false,"footnotes":""},"categories":[],"class_list":["post-5704","page","type-page","status-publish","hentry"],"acf":[],"yoast_head":"<!-- This site is optimized with the Yoast SEO plugin v25.4 - https:\/\/yoast.com\/wordpress\/plugins\/seo\/ -->\n<title>Polisi Cwcis - Meic<\/title>\n<meta name=\"description\" content=\"Dyma Bolisi Cwcis llawn Meic. Ffeiliau testun bach yw cwcis y mae\u2019r gwefannau ymwelir yn eu hanfon i dy gyfrifiadur neu ddyfais symudol.\" \/>\n<meta name=\"robots\" content=\"index, follow, max-snippet:-1, max-image-preview:large, max-video-preview:-1\" \/>\n<link rel=\"canonical\" href=\"https:\/\/meic.cymru\/cy\/polisi-cwcis\/\" \/>\n<meta property=\"og:locale\" content=\"cy_GB\" \/>\n<meta property=\"og:type\" content=\"article\" \/>\n<meta property=\"og:title\" content=\"Polisi Cwcis - Meic\" \/>\n<meta property=\"og:description\" content=\"Dyma Bolisi Cwcis llawn Meic. Ffeiliau testun bach yw cwcis y mae\u2019r gwefannau ymwelir yn eu hanfon i dy gyfrifiadur neu ddyfais symudol.\" \/>\n<meta property=\"og:url\" content=\"https:\/\/meic.cymru\/cy\/polisi-cwcis\/\" \/>\n<meta property=\"og:site_name\" content=\"Meic\" \/>\n<meta property=\"article:modified_time\" content=\"2025-09-09T15:15:14+00:00\" \/>\n<meta name=\"twitter:card\" content=\"summary_large_image\" \/>\n<meta name=\"twitter:label1\" content=\"Est. reading time\" \/>\n\t<meta name=\"twitter:data1\" content=\"4 minutes\" \/>\n<script type=\"application\/ld+json\" class=\"yoast-schema-graph\">{\"@context\":\"https:\/\/schema.org\",\"@graph\":[{\"@type\":\"WebPage\",\"@id\":\"https:\/\/meic.cymru\/cy\/polisi-cwcis\/\",\"url\":\"https:\/\/meic.cymru\/cy\/polisi-cwcis\/\",\"name\":\"Polisi Cwcis - Meic\",\"isPartOf\":{\"@id\":\"https:\/\/meic.cymru\/cy\/#website\"},\"datePublished\":\"2025-09-09T14:18:16+00:00\",\"dateModified\":\"2025-09-09T15:15:14+00:00\",\"description\":\"Dyma Bolisi Cwcis llawn Meic. Ffeiliau testun bach yw cwcis y mae\u2019r gwefannau ymwelir yn eu hanfon i dy gyfrifiadur neu ddyfais symudol.\",\"breadcrumb\":{\"@id\":\"https:\/\/meic.cymru\/cy\/polisi-cwcis\/#breadcrumb\"},\"inLanguage\":\"cy-GB\",\"potentialAction\":[{\"@type\":\"ReadAction\",\"target\":[\"https:\/\/meic.cymru\/cy\/polisi-cwcis\/\"]}]},{\"@type\":\"BreadcrumbList\",\"@id\":\"https:\/\/meic.cymru\/cy\/polisi-cwcis\/#breadcrumb\",\"itemListElement\":[{\"@type\":\"ListItem\",\"position\":1,\"name\":\"Home\",\"item\":\"https:\/\/meic.cymru\/cy\/\"},{\"@type\":\"ListItem\",\"position\":2,\"name\":\"Polisi Cwcis\"}]},{\"@type\":\"WebSite\",\"@id\":\"https:\/\/meic.cymru\/cy\/#website\",\"url\":\"https:\/\/meic.cymru\/cy\/\",\"name\":\"Meic\",\"description\":\"\",\"publisher\":{\"@id\":\"https:\/\/meic.cymru\/cy\/#organization\"},\"potentialAction\":[{\"@type\":\"SearchAction\",\"target\":{\"@type\":\"EntryPoint\",\"urlTemplate\":\"https:\/\/meic.cymru\/cy\/?s={search_term_string}\"},\"query-input\":{\"@type\":\"PropertyValueSpecification\",\"valueRequired\":true,\"valueName\":\"search_term_string\"}}],\"inLanguage\":\"cy-GB\"},{\"@type\":\"Organization\",\"@id\":\"https:\/\/meic.cymru\/cy\/#organization\",\"name\":\"Meic\",\"url\":\"https:\/\/meic.cymru\/cy\/\",\"logo\":{\"@type\":\"ImageObject\",\"inLanguage\":\"cy-GB\",\"@id\":\"https:\/\/meic.cymru\/cy\/#\/schema\/logo\/image\/\",\"url\":\"https:\/\/meic.cymru\/wp-content\/uploads\/2025\/07\/meic-logo.png\",\"contentUrl\":\"https:\/\/meic.cymru\/wp-content\/uploads\/2025\/07\/meic-logo.png\",\"width\":197,\"height\":86,\"caption\":\"Meic\"},\"image\":{\"@id\":\"https:\/\/meic.cymru\/cy\/#\/schema\/logo\/image\/\"}}]}<\/script>\n<!-- \/ Yoast SEO plugin. -->","yoast_head_json":{"title":"Polisi Cwcis - Meic","description":"Dyma Bolisi Cwcis llawn Meic. Ffeiliau testun bach yw cwcis y mae\u2019r gwefannau ymwelir yn eu hanfon i dy gyfrifiadur neu ddyfais symudol.","robots":{"index":"index","follow":"follow","max-snippet":"max-snippet:-1","max-image-preview":"max-image-preview:large","max-video-preview":"max-video-preview:-1"},"canonical":"https:\/\/meic.cymru\/cy\/polisi-cwcis\/","og_locale":"cy_GB","og_type":"article","og_title":"Polisi Cwcis - Meic","og_description":"Dyma Bolisi Cwcis llawn Meic. Ffeiliau testun bach yw cwcis y mae\u2019r gwefannau ymwelir yn eu hanfon i dy gyfrifiadur neu ddyfais symudol.","og_url":"https:\/\/meic.cymru\/cy\/polisi-cwcis\/","og_site_name":"Meic","article_modified_time":"2025-09-09T15:15:14+00:00","twitter_card":"summary_large_image","twitter_misc":{"Est. reading time":"4 minutes"},"schema":{"@context":"https:\/\/schema.org","@graph":[{"@type":"WebPage","@id":"https:\/\/meic.cymru\/cy\/polisi-cwcis\/","url":"https:\/\/meic.cymru\/cy\/polisi-cwcis\/","name":"Polisi Cwcis - Meic","isPartOf":{"@id":"https:\/\/meic.cymru\/cy\/#website"},"datePublished":"2025-09-09T14:18:16+00:00","dateModified":"2025-09-09T15:15:14+00:00","description":"Dyma Bolisi Cwcis llawn Meic. Ffeiliau testun bach yw cwcis y mae\u2019r gwefannau ymwelir yn eu hanfon i dy gyfrifiadur neu ddyfais symudol.","breadcrumb":{"@id":"https:\/\/meic.cymru\/cy\/polisi-cwcis\/#breadcrumb"},"inLanguage":"cy-GB","potentialAction":[{"@type":"ReadAction","target":["https:\/\/meic.cymru\/cy\/polisi-cwcis\/"]}]},{"@type":"BreadcrumbList","@id":"https:\/\/meic.cymru\/cy\/polisi-cwcis\/#breadcrumb","itemListElement":[{"@type":"ListItem","position":1,"name":"Home","item":"https:\/\/meic.cymru\/cy\/"},{"@type":"ListItem","position":2,"name":"Polisi Cwcis"}]},{"@type":"WebSite","@id":"https:\/\/meic.cymru\/cy\/#website","url":"https:\/\/meic.cymru\/cy\/","name":"Meic","description":"","publisher":{"@id":"https:\/\/meic.cymru\/cy\/#organization"},"potentialAction":[{"@type":"SearchAction","target":{"@type":"EntryPoint","urlTemplate":"https:\/\/meic.cymru\/cy\/?s={search_term_string}"},"query-input":{"@type":"PropertyValueSpecification","valueRequired":true,"valueName":"search_term_string"}}],"inLanguage":"cy-GB"},{"@type":"Organization","@id":"https:\/\/meic.cymru\/cy\/#organization","name":"Meic","url":"https:\/\/meic.cymru\/cy\/","logo":{"@type":"ImageObject","inLanguage":"cy-GB","@id":"https:\/\/meic.cymru\/cy\/#\/schema\/logo\/image\/","url":"https:\/\/meic.cymru\/wp-content\/uploads\/2025\/07\/meic-logo.png","contentUrl":"https:\/\/meic.cymru\/wp-content\/uploads\/2025\/07\/meic-logo.png","width":197,"height":86,"caption":"Meic"},"image":{"@id":"https:\/\/meic.cymru\/cy\/#\/schema\/logo\/image\/"}}]}},"_links":{"self":[{"href":"https:\/\/meic.cymru\/cy\/wp-json\/wp\/v2\/pages\/5704","targetHints":{"allow":["GET"]}}],"collection":[{"href":"https:\/\/meic.cymru\/cy\/wp-json\/wp\/v2\/pages"}],"about":[{"href":"https:\/\/meic.cymru\/cy\/wp-json\/wp\/v2\/types\/page"}],"author":[{"embeddable":true,"href":"https:\/\/meic.cymru\/cy\/wp-json\/wp\/v2\/users\/2"}],"replies":[{"embeddable":true,"href":"https:\/\/meic.cymru\/cy\/wp-json\/wp\/v2\/comments?post=5704"}],"version-history":[{"count":1,"href":"https:\/\/meic.cymru\/cy\/wp-json\/wp\/v2\/pages\/5704\/revisions"}],"predecessor-version":[{"id":5705,"href":"https:\/\/meic.cymru\/cy\/wp-json\/wp\/v2\/pages\/5704\/revisions\/5705"}],"wp:attachment":[{"href":"https:\/\/meic.cymru\/cy\/wp-json\/wp\/v2\/media?parent=5704"}],"wp:term":[{"taxonomy":"category","embeddable":true,"href":"https:\/\/meic.cymru\/cy\/wp-json\/wp\/v2\/categories?post=5704"}],"curies":[{"name":"wp","href":"https:\/\/api.w.org\/{rel}","templated":true}]}}