{"id":5683,"date":"2025-09-09T15:03:40","date_gmt":"2025-09-09T14:03:40","guid":{"rendered":"https:\/\/meic.cymru\/accessibility-web-info\/"},"modified":"2026-01-14T16:19:31","modified_gmt":"2026-01-14T16:19:31","slug":"hygyrchedd-gwe-gwybodaeth","status":"publish","type":"page","link":"https:\/\/meic.cymru\/cy\/hygyrchedd-gwe-gwybodaeth\/","title":{"rendered":"Hygyrchedd"},"content":{"rendered":"\n<\/div>\n<div  class=\"header-block\" style=\"\">\n        <div class=\"container-narrow mx-auto container mb-20\">\n            <div class=\" py-6\">\n                                    <img loading=\"lazy\" decoding=\"async\" width=\"250\" height=\"250\" src=\"https:\/\/meic.cymru\/wp-content\/uploads\/2026\/01\/accessibility-e1768407562441.png\" class=\"mx-auto\" alt=\"Bear using laptop with accessibility features\" \/>                            <\/div>\n            <div class=\"\">\n                                    <h1 class=\" text-center text-purple\">Hygyrchedd<\/h1>\n                                                    <div class=\"wysiwyg-content\"><h3>Cynhelir y wefan hon gan ProMo Cymru<\/h3>\n<p>Hoffem i gynifer o bobl \u00e2 phosibl allu defnyddio&#8217;r wefan hon.<\/p>\n<p>Er enghraifft, mae hynny&#8217;n golygu y dylet allu:<\/p>\n<ul>\n<li>newid lliwiau, lefelau cyferbyniad a ffontiau<\/li>\n<li>chwyddo i mewn hyd at 300% heb i&#8217;r testun ollwng oddi ar y sgrin<\/li>\n<li>llywio&#8217;r rhan fwyaf o&#8217;r wefan gan ddefnyddio bysellfwrdd yn unig<\/li>\n<li>llywio&#8217;r rhan fwyaf o&#8217;r wefan gan ddefnyddio meddalwedd adnabod lleferydd<\/li>\n<\/ul>\n<p>Rydym hefyd wedi gwneud testun y wefan mor syml \u00e2 phosibl i&#8217;w ddeall.<\/p>\n<p>Mae gan <a href=\"https:\/\/mcmw.abilitynet.org.uk\/\">AbilityNet<\/a> gyngor ar wneud dy ddyfais yn haws i&#8217;w defnyddio os oes gen ti anabledd.<\/p>\n<h3>Hygyrchedd y wefan<\/h3>\n<p>Rydym yn gwybod nad yw rhai rhannau o&#8217;r wefan hon yn gwbl hygyrch:<\/p>\n<ul>\n<li>nid yw rhai labeli ffurflenni yn unigryw<\/li>\n<li>nid oes gan rai delweddau destun amgen da<\/li>\n<li>mae gan rai tudalennau gyferbyniad gwael<\/li>\n<li>nid yw rhywfaint o destun dolen yn disgrifio pwrpas y ddolen<\/li>\n<li>mae rhai dogfennau ar ffurf PDF ac nid ydynt yn hygyrch<\/li>\n<\/ul>\n<h3>Adborth a gwybodaeth gyswllt<\/h3>\n<p>Os wyt ti angen gwybodaeth am y wefan hon mewn fformat gwahanol fel PDF hygyrch, print bras, darllen hawdd, recordiad sain neu Braille:<\/p>\n<p>E-bost: info@promo.cymru<\/p>\n<p>Ffonia: 02920 462222<\/p>\n<p>Byddwn yn ystyried dy gais ac yn cysylltu o fewn 1 diwrnod gwaith.<\/p>\n<h3>Rhoi gwybod am broblemau hygyrchedd gyda&#8217;r wefan hon<\/h3>\n<p>Rydym bob amser yn chwilio am ffyrdd o wella hygyrchedd y wefan hon. Os wyt ti&#8217;n dod o hyd i unrhyw broblemau nad ydynt wedi&#8217;u rhestru ar y dudalen hon neu&#8217;n meddwl nad ydym yn bodloni gofynion hygyrchedd, cysyllta \u00e2: info@promo.cymru a byddwn yn hapus i&#8217;th cynorthwyo.<\/p>\n<h3>Gweithdrefn orfodi<\/h3>\n<p>Mae&#8217;r Comisiwn Cydraddoldeb a Hawliau Dynol (EHRC) yn gyfrifol am orfodi Rheoliadau Hygyrchedd Cyrff y Sector Cyhoeddus (Gwefannau ac Apiau Symudol) (Rhif 2) 2018 (y &#8216;rheoliadau hygyrchedd&#8217;). Os nad wyt ti&#8217;n hapus \u00e2 sut rydym yn ymateb i&#8217;th cwyn, cysyllta \u00e2&#8217;r <a href=\"https:\/\/www.equalityadvisoryservice.com\/\">Gwasanaeth Cynghori a Chymorth Cydraddoldeb (EASS<\/a>).<\/p>\n<h3>Cysylltu \u00e2 ni dros y ff\u00f4n neu ymweld \u00e2 ni yn bersonol<\/h3>\n<p>Rydym yn darparu gwasanaeth trosglwyddo testun i bobl sy&#8217;n fyddar, \u00e2 nam ar eu clyw neu sydd \u00e2 nam ar eu lleferydd.<\/p>\n<p>Mae gan ein swyddfeydd ddolenni sain, neu os wyt ti&#8217;n cysylltu \u00e2 ni cyn dy ymweliad gallwn drefnu dehonglydd Iaith Arwyddion Prydain (BSL).<\/p>\n<p><a href=\"https:\/\/promo.cymru\/cy\/cysylltu\/\"> Dysga sut i gysylltu \u00e2 ni<\/a><\/p>\n<h3>Gwybodaeth dechnegol am hygyrchedd y wefan<\/h3>\n<p>Mae Promo Cymru wedi ymrwymo i wneud ei gwefan yn hygyrch, yn unol \u00e2 Rheoliadau Hygyrchedd Cyrff y Sector Cyhoeddus (Gwefannau a Chymwysiadau Symudol) (Rhif 2) 2018.<\/p>\n<h3>Statws cydymffurfio<\/h3>\n<p>Mae&#8217;r wefan hon yn cydymffurfio&#8217;n rhannol \u00e2 <a href=\"https:\/\/www.equalityadvisoryservice.com\/\">Chanllawiau Hygyrchedd Cynnwys y We fersiwn 2.1<\/a> \u2013 safon Lefel AA, oherwydd y diffyg cydymffurfio a restrir isod.<\/p>\n<h3>Cynnwys anhygyrch<\/h3>\n<p>Nid yw&#8217;r cynnwys a restrir isod yn hygyrch am y rhesymau canlynol.<\/p>\n<ul>\n<li id=\"tw-target-text\" class=\"tw-data-text tw-text-large tw-ta\" dir=\"ltr\" role=\"text\" data-placeholder=\"Translation\" data-ved=\"2ahUKEwjJ08Di8cuPAxWfWkEAHT6nDN8Q3ewLegQIChAV\" aria-label=\"Translated text: Nid oes gan un ffurflen y tagiau cywir yn eu lle, mae hyn yn methu \u00e2 meini prawf llwyddiant WCAG 2.1\n\nRydym yn bwriadu ychwanegu'r tagiau cywir erbyn mis Medi 2020\n\nMae sawl dolen pennawd wedi'u nodi fel rhai \u00e2 chyferbyniad gwael.\n\nAr hyn o bryd rydym yn gweithio gyda Glue Studio i gywiro'r problemau hyn erbyn mis Medi 2020\n\nBeth rydym yn ei wneud i wella hygyrchedd\nAr hyn o bryd rydym yn gweithio i gydymffurfio'n llawn \u00e2 WCAG 2.1 erbyn mis Medi 2020\n\nParatoi'r datganiad hygyrchedd hwn\nParatowyd y datganiad hwn ar 1af Medi 2020. Fe'i hadolygwyd ddiwethaf ar 1af Medi 2019.\n\nProfwyd y wefan hon ddiwethaf ar 1af Medi 2020. Cynhaliwyd y prawf gan ProMo Cymru mewn partneriaeth \u00e2 WAVE a Glue Studio\"><span class=\"Y2IQFc\" lang=\"cy\">Nid oes gan un ffurflen y tagiau cywir yn eu lle, mae hyn yn methu \u00e2 meini prawf llwyddiant WCAG 2.1 <\/span><\/li>\n<li class=\"tw-data-text tw-text-large tw-ta\" dir=\"ltr\" role=\"text\" data-placeholder=\"Translation\" data-ved=\"2ahUKEwjJ08Di8cuPAxWfWkEAHT6nDN8Q3ewLegQIChAV\" aria-label=\"Translated text: Nid oes gan un ffurflen y tagiau cywir yn eu lle, mae hyn yn methu \u00e2 meini prawf llwyddiant WCAG 2.1\n\nRydym yn bwriadu ychwanegu'r tagiau cywir erbyn mis Medi 2020\n\nMae sawl dolen pennawd wedi'u nodi fel rhai \u00e2 chyferbyniad gwael.\n\nAr hyn o bryd rydym yn gweithio gyda Glue Studio i gywiro'r problemau hyn erbyn mis Medi 2020\n\nBeth rydym yn ei wneud i wella hygyrchedd\nAr hyn o bryd rydym yn gweithio i gydymffurfio'n llawn \u00e2 WCAG 2.1 erbyn mis Medi 2020\n\nParatoi'r datganiad hygyrchedd hwn\nParatowyd y datganiad hwn ar 1af Medi 2020. Fe'i hadolygwyd ddiwethaf ar 1af Medi 2019.\n\nProfwyd y wefan hon ddiwethaf ar 1af Medi 2020. Cynhaliwyd y prawf gan ProMo Cymru mewn partneriaeth \u00e2 WAVE a Glue Studio\"><span class=\"Y2IQFc\" lang=\"cy\">Rydym yn bwriadu ychwanegu&#8217;r tagiau cywir erbyn mis Medi 2020 <\/span><\/li>\n<li class=\"tw-data-text tw-text-large tw-ta\" dir=\"ltr\" role=\"text\" data-placeholder=\"Translation\" data-ved=\"2ahUKEwjJ08Di8cuPAxWfWkEAHT6nDN8Q3ewLegQIChAV\" aria-label=\"Translated text: Nid oes gan un ffurflen y tagiau cywir yn eu lle, mae hyn yn methu \u00e2 meini prawf llwyddiant WCAG 2.1\n\nRydym yn bwriadu ychwanegu'r tagiau cywir erbyn mis Medi 2020\n\nMae sawl dolen pennawd wedi'u nodi fel rhai \u00e2 chyferbyniad gwael.\n\nAr hyn o bryd rydym yn gweithio gyda Glue Studio i gywiro'r problemau hyn erbyn mis Medi 2020\n\nBeth rydym yn ei wneud i wella hygyrchedd\nAr hyn o bryd rydym yn gweithio i gydymffurfio'n llawn \u00e2 WCAG 2.1 erbyn mis Medi 2020\n\nParatoi'r datganiad hygyrchedd hwn\nParatowyd y datganiad hwn ar 1af Medi 2020. Fe'i hadolygwyd ddiwethaf ar 1af Medi 2019.\n\nProfwyd y wefan hon ddiwethaf ar 1af Medi 2020. Cynhaliwyd y prawf gan ProMo Cymru mewn partneriaeth \u00e2 WAVE a Glue Studio\"><span class=\"Y2IQFc\" lang=\"cy\">Mae sawl dolen pennawd wedi&#8217;u nodi fel rhai \u00e2 chyferbyniad gwael<\/span><\/li>\n<\/ul>\n<p class=\"tw-data-text tw-text-large tw-ta\" dir=\"ltr\" role=\"text\" data-placeholder=\"Translation\" data-ved=\"2ahUKEwjJ08Di8cuPAxWfWkEAHT6nDN8Q3ewLegQIChAV\" aria-label=\"Translated text: Nid oes gan un ffurflen y tagiau cywir yn eu lle, mae hyn yn methu \u00e2 meini prawf llwyddiant WCAG 2.1\n\nRydym yn bwriadu ychwanegu'r tagiau cywir erbyn mis Medi 2020\n\nMae sawl dolen pennawd wedi'u nodi fel rhai \u00e2 chyferbyniad gwael.\n\nAr hyn o bryd rydym yn gweithio gyda Glue Studio i gywiro'r problemau hyn erbyn mis Medi 2020\n\nBeth rydym yn ei wneud i wella hygyrchedd\nAr hyn o bryd rydym yn gweithio i gydymffurfio'n llawn \u00e2 WCAG 2.1 erbyn mis Medi 2020\n\nParatoi'r datganiad hygyrchedd hwn\nParatowyd y datganiad hwn ar 1af Medi 2020. Fe'i hadolygwyd ddiwethaf ar 1af Medi 2019.\n\nProfwyd y wefan hon ddiwethaf ar 1af Medi 2020. Cynhaliwyd y prawf gan ProMo Cymru mewn partneriaeth \u00e2 WAVE a Glue Studio\"><span class=\"Y2IQFc\" lang=\"cy\">Ar hyn o bryd rydym yn gweithio gyda Glue Studio i gywiro&#8217;r problemau hyn erbyn mis Medi 2020.<\/span><\/p>\n<h3 class=\"tw-data-text tw-text-large tw-ta\" dir=\"ltr\" role=\"text\" data-placeholder=\"Translation\" data-ved=\"2ahUKEwjJ08Di8cuPAxWfWkEAHT6nDN8Q3ewLegQIChAV\" aria-label=\"Translated text: Nid oes gan un ffurflen y tagiau cywir yn eu lle, mae hyn yn methu \u00e2 meini prawf llwyddiant WCAG 2.1\n\nRydym yn bwriadu ychwanegu'r tagiau cywir erbyn mis Medi 2020\n\nMae sawl dolen pennawd wedi'u nodi fel rhai \u00e2 chyferbyniad gwael.\n\nAr hyn o bryd rydym yn gweithio gyda Glue Studio i gywiro'r problemau hyn erbyn mis Medi 2020\n\nBeth rydym yn ei wneud i wella hygyrchedd\nAr hyn o bryd rydym yn gweithio i gydymffurfio'n llawn \u00e2 WCAG 2.1 erbyn mis Medi 2020\n\nParatoi'r datganiad hygyrchedd hwn\nParatowyd y datganiad hwn ar 1af Medi 2020. Fe'i hadolygwyd ddiwethaf ar 1af Medi 2019.\n\nProfwyd y wefan hon ddiwethaf ar 1af Medi 2020. Cynhaliwyd y prawf gan ProMo Cymru mewn partneriaeth \u00e2 WAVE a Glue Studio\"><span class=\"Y2IQFc\" lang=\"cy\">Beth rydym yn ei wneud i wella hygyrchedd <\/span><\/h3>\n<p class=\"tw-data-text tw-text-large tw-ta\" dir=\"ltr\" role=\"text\" data-placeholder=\"Translation\" data-ved=\"2ahUKEwjJ08Di8cuPAxWfWkEAHT6nDN8Q3ewLegQIChAV\" aria-label=\"Translated text: Nid oes gan un ffurflen y tagiau cywir yn eu lle, mae hyn yn methu \u00e2 meini prawf llwyddiant WCAG 2.1\n\nRydym yn bwriadu ychwanegu'r tagiau cywir erbyn mis Medi 2020\n\nMae sawl dolen pennawd wedi'u nodi fel rhai \u00e2 chyferbyniad gwael.\n\nAr hyn o bryd rydym yn gweithio gyda Glue Studio i gywiro'r problemau hyn erbyn mis Medi 2020\n\nBeth rydym yn ei wneud i wella hygyrchedd\nAr hyn o bryd rydym yn gweithio i gydymffurfio'n llawn \u00e2 WCAG 2.1 erbyn mis Medi 2020\n\nParatoi'r datganiad hygyrchedd hwn\nParatowyd y datganiad hwn ar 1af Medi 2020. Fe'i hadolygwyd ddiwethaf ar 1af Medi 2019.\n\nProfwyd y wefan hon ddiwethaf ar 1af Medi 2020. Cynhaliwyd y prawf gan ProMo Cymru mewn partneriaeth \u00e2 WAVE a Glue Studio\"><span class=\"Y2IQFc\" lang=\"cy\">Ar hyn o bryd rydym yn gweithio i gydymffurfio&#8217;n llawn \u00e2 WCAG 2.1 erbyn mis Medi 2020 <\/span><\/p>\n<h3 class=\"tw-data-text tw-text-large tw-ta\" dir=\"ltr\" role=\"text\" data-placeholder=\"Translation\" data-ved=\"2ahUKEwjJ08Di8cuPAxWfWkEAHT6nDN8Q3ewLegQIChAV\" aria-label=\"Translated text: Nid oes gan un ffurflen y tagiau cywir yn eu lle, mae hyn yn methu \u00e2 meini prawf llwyddiant WCAG 2.1\n\nRydym yn bwriadu ychwanegu'r tagiau cywir erbyn mis Medi 2020\n\nMae sawl dolen pennawd wedi'u nodi fel rhai \u00e2 chyferbyniad gwael.\n\nAr hyn o bryd rydym yn gweithio gyda Glue Studio i gywiro'r problemau hyn erbyn mis Medi 2020\n\nBeth rydym yn ei wneud i wella hygyrchedd\nAr hyn o bryd rydym yn gweithio i gydymffurfio'n llawn \u00e2 WCAG 2.1 erbyn mis Medi 2020\n\nParatoi'r datganiad hygyrchedd hwn\nParatowyd y datganiad hwn ar 1af Medi 2020. Fe'i hadolygwyd ddiwethaf ar 1af Medi 2019.\n\nProfwyd y wefan hon ddiwethaf ar 1af Medi 2020. Cynhaliwyd y prawf gan ProMo Cymru mewn partneriaeth \u00e2 WAVE a Glue Studio\"><span class=\"Y2IQFc\" lang=\"cy\">Paratoi&#8217;r datganiad hygyrchedd hwn <\/span><\/h3>\n<p class=\"tw-data-text tw-text-large tw-ta\" dir=\"ltr\" role=\"text\" data-placeholder=\"Translation\" data-ved=\"2ahUKEwjJ08Di8cuPAxWfWkEAHT6nDN8Q3ewLegQIChAV\" aria-label=\"Translated text: Nid oes gan un ffurflen y tagiau cywir yn eu lle, mae hyn yn methu \u00e2 meini prawf llwyddiant WCAG 2.1\n\nRydym yn bwriadu ychwanegu'r tagiau cywir erbyn mis Medi 2020\n\nMae sawl dolen pennawd wedi'u nodi fel rhai \u00e2 chyferbyniad gwael.\n\nAr hyn o bryd rydym yn gweithio gyda Glue Studio i gywiro'r problemau hyn erbyn mis Medi 2020\n\nBeth rydym yn ei wneud i wella hygyrchedd\nAr hyn o bryd rydym yn gweithio i gydymffurfio'n llawn \u00e2 WCAG 2.1 erbyn mis Medi 2020\n\nParatoi'r datganiad hygyrchedd hwn\nParatowyd y datganiad hwn ar 1af Medi 2020. Fe'i hadolygwyd ddiwethaf ar 1af Medi 2019.\n\nProfwyd y wefan hon ddiwethaf ar 1af Medi 2020. Cynhaliwyd y prawf gan ProMo Cymru mewn partneriaeth \u00e2 WAVE a Glue Studio\"><span class=\"Y2IQFc\" lang=\"cy\">Paratowyd y datganiad hwn ar 1af Medi 2020. Fe&#8217;i hadolygwyd ddiwethaf ar 1af Medi 2019. <\/span><\/p>\n<p class=\"tw-data-text tw-text-large tw-ta\" dir=\"ltr\" role=\"text\" data-placeholder=\"Translation\" data-ved=\"2ahUKEwjJ08Di8cuPAxWfWkEAHT6nDN8Q3ewLegQIChAV\" aria-label=\"Translated text: Nid oes gan un ffurflen y tagiau cywir yn eu lle, mae hyn yn methu \u00e2 meini prawf llwyddiant WCAG 2.1\n\nRydym yn bwriadu ychwanegu'r tagiau cywir erbyn mis Medi 2020\n\nMae sawl dolen pennawd wedi'u nodi fel rhai \u00e2 chyferbyniad gwael.\n\nAr hyn o bryd rydym yn gweithio gyda Glue Studio i gywiro'r problemau hyn erbyn mis Medi 2020\n\nBeth rydym yn ei wneud i wella hygyrchedd\nAr hyn o bryd rydym yn gweithio i gydymffurfio'n llawn \u00e2 WCAG 2.1 erbyn mis Medi 2020\n\nParatoi'r datganiad hygyrchedd hwn\nParatowyd y datganiad hwn ar 1af Medi 2020. Fe'i hadolygwyd ddiwethaf ar 1af Medi 2019.\n\nProfwyd y wefan hon ddiwethaf ar 1af Medi 2020. Cynhaliwyd y prawf gan ProMo Cymru mewn partneriaeth \u00e2 WAVE a Glue Studio\"><span class=\"Y2IQFc\" lang=\"cy\">Profwyd y wefan hon ddiwethaf ar 1af Medi 2020. Cynhaliwyd y prawf gan ProMo Cymru mewn partneriaeth \u00e2 WAVE a Glue Studio.<\/span><\/p>\n<\/div>\n                                            <\/div>\n    <\/div>\n\n\n    \n<\/div>\n\n<div class=\"container container-narrow mx-auto\">","protected":false},"excerpt":{"rendered":"","protected":false},"author":2,"featured_media":0,"parent":0,"menu_order":0,"comment_status":"closed","ping_status":"closed","template":"","meta":{"_acf_changed":false,"footnotes":""},"categories":[],"class_list":["post-5683","page","type-page","status-publish","hentry"],"acf":[],"yoast_head":"<!-- This site is optimized with the Yoast SEO plugin v25.4 - https:\/\/yoast.com\/wordpress\/plugins\/seo\/ -->\n<title>Hygyrchedd - Meic<\/title>\n<meta name=\"description\" content=\"Yma fedri di ddod o hyd i&#039;n datganiad hygyrchedd ar gyfer gwefan llinell gymorth Meic. Anfona unrhyw ymholiadau at ProMo Cymru.\" \/>\n<meta name=\"robots\" content=\"index, follow, max-snippet:-1, max-image-preview:large, max-video-preview:-1\" \/>\n<link rel=\"canonical\" href=\"https:\/\/meic.cymru\/cy\/hygyrchedd-gwe-gwybodaeth\/\" \/>\n<meta property=\"og:locale\" content=\"cy_GB\" \/>\n<meta property=\"og:type\" content=\"article\" \/>\n<meta property=\"og:title\" content=\"Hygyrchedd - Meic\" \/>\n<meta property=\"og:description\" content=\"Yma fedri di ddod o hyd i&#039;n datganiad hygyrchedd ar gyfer gwefan llinell gymorth Meic. Anfona unrhyw ymholiadau at ProMo Cymru.\" \/>\n<meta property=\"og:url\" content=\"https:\/\/meic.cymru\/cy\/hygyrchedd-gwe-gwybodaeth\/\" \/>\n<meta property=\"og:site_name\" content=\"Meic\" \/>\n<meta property=\"article:modified_time\" content=\"2026-01-14T16:19:31+00:00\" \/>\n<meta name=\"twitter:card\" content=\"summary_large_image\" \/>\n<script type=\"application\/ld+json\" class=\"yoast-schema-graph\">{\"@context\":\"https:\/\/schema.org\",\"@graph\":[{\"@type\":\"WebPage\",\"@id\":\"https:\/\/meic.cymru\/cy\/hygyrchedd-gwe-gwybodaeth\/\",\"url\":\"https:\/\/meic.cymru\/cy\/hygyrchedd-gwe-gwybodaeth\/\",\"name\":\"Hygyrchedd - Meic\",\"isPartOf\":{\"@id\":\"https:\/\/meic.cymru\/cy\/#website\"},\"datePublished\":\"2025-09-09T14:03:40+00:00\",\"dateModified\":\"2026-01-14T16:19:31+00:00\",\"description\":\"Yma fedri di ddod o hyd i'n datganiad hygyrchedd ar gyfer gwefan llinell gymorth Meic. Anfona unrhyw ymholiadau at ProMo Cymru.\",\"breadcrumb\":{\"@id\":\"https:\/\/meic.cymru\/cy\/hygyrchedd-gwe-gwybodaeth\/#breadcrumb\"},\"inLanguage\":\"cy-GB\",\"potentialAction\":[{\"@type\":\"ReadAction\",\"target\":[\"https:\/\/meic.cymru\/cy\/hygyrchedd-gwe-gwybodaeth\/\"]}]},{\"@type\":\"BreadcrumbList\",\"@id\":\"https:\/\/meic.cymru\/cy\/hygyrchedd-gwe-gwybodaeth\/#breadcrumb\",\"itemListElement\":[{\"@type\":\"ListItem\",\"position\":1,\"name\":\"Home\",\"item\":\"https:\/\/meic.cymru\/cy\/\"},{\"@type\":\"ListItem\",\"position\":2,\"name\":\"Hygyrchedd\"}]},{\"@type\":\"WebSite\",\"@id\":\"https:\/\/meic.cymru\/cy\/#website\",\"url\":\"https:\/\/meic.cymru\/cy\/\",\"name\":\"Meic\",\"description\":\"\",\"publisher\":{\"@id\":\"https:\/\/meic.cymru\/cy\/#organization\"},\"potentialAction\":[{\"@type\":\"SearchAction\",\"target\":{\"@type\":\"EntryPoint\",\"urlTemplate\":\"https:\/\/meic.cymru\/cy\/?s={search_term_string}\"},\"query-input\":{\"@type\":\"PropertyValueSpecification\",\"valueRequired\":true,\"valueName\":\"search_term_string\"}}],\"inLanguage\":\"cy-GB\"},{\"@type\":\"Organization\",\"@id\":\"https:\/\/meic.cymru\/cy\/#organization\",\"name\":\"Meic\",\"url\":\"https:\/\/meic.cymru\/cy\/\",\"logo\":{\"@type\":\"ImageObject\",\"inLanguage\":\"cy-GB\",\"@id\":\"https:\/\/meic.cymru\/cy\/#\/schema\/logo\/image\/\",\"url\":\"https:\/\/meic.cymru\/wp-content\/uploads\/2025\/07\/meic-logo.png\",\"contentUrl\":\"https:\/\/meic.cymru\/wp-content\/uploads\/2025\/07\/meic-logo.png\",\"width\":197,\"height\":86,\"caption\":\"Meic\"},\"image\":{\"@id\":\"https:\/\/meic.cymru\/cy\/#\/schema\/logo\/image\/\"}}]}<\/script>\n<!-- \/ Yoast SEO plugin. -->","yoast_head_json":{"title":"Hygyrchedd - Meic","description":"Yma fedri di ddod o hyd i'n datganiad hygyrchedd ar gyfer gwefan llinell gymorth Meic. Anfona unrhyw ymholiadau at ProMo Cymru.","robots":{"index":"index","follow":"follow","max-snippet":"max-snippet:-1","max-image-preview":"max-image-preview:large","max-video-preview":"max-video-preview:-1"},"canonical":"https:\/\/meic.cymru\/cy\/hygyrchedd-gwe-gwybodaeth\/","og_locale":"cy_GB","og_type":"article","og_title":"Hygyrchedd - Meic","og_description":"Yma fedri di ddod o hyd i'n datganiad hygyrchedd ar gyfer gwefan llinell gymorth Meic. Anfona unrhyw ymholiadau at ProMo Cymru.","og_url":"https:\/\/meic.cymru\/cy\/hygyrchedd-gwe-gwybodaeth\/","og_site_name":"Meic","article_modified_time":"2026-01-14T16:19:31+00:00","twitter_card":"summary_large_image","schema":{"@context":"https:\/\/schema.org","@graph":[{"@type":"WebPage","@id":"https:\/\/meic.cymru\/cy\/hygyrchedd-gwe-gwybodaeth\/","url":"https:\/\/meic.cymru\/cy\/hygyrchedd-gwe-gwybodaeth\/","name":"Hygyrchedd - Meic","isPartOf":{"@id":"https:\/\/meic.cymru\/cy\/#website"},"datePublished":"2025-09-09T14:03:40+00:00","dateModified":"2026-01-14T16:19:31+00:00","description":"Yma fedri di ddod o hyd i'n datganiad hygyrchedd ar gyfer gwefan llinell gymorth Meic. Anfona unrhyw ymholiadau at ProMo Cymru.","breadcrumb":{"@id":"https:\/\/meic.cymru\/cy\/hygyrchedd-gwe-gwybodaeth\/#breadcrumb"},"inLanguage":"cy-GB","potentialAction":[{"@type":"ReadAction","target":["https:\/\/meic.cymru\/cy\/hygyrchedd-gwe-gwybodaeth\/"]}]},{"@type":"BreadcrumbList","@id":"https:\/\/meic.cymru\/cy\/hygyrchedd-gwe-gwybodaeth\/#breadcrumb","itemListElement":[{"@type":"ListItem","position":1,"name":"Home","item":"https:\/\/meic.cymru\/cy\/"},{"@type":"ListItem","position":2,"name":"Hygyrchedd"}]},{"@type":"WebSite","@id":"https:\/\/meic.cymru\/cy\/#website","url":"https:\/\/meic.cymru\/cy\/","name":"Meic","description":"","publisher":{"@id":"https:\/\/meic.cymru\/cy\/#organization"},"potentialAction":[{"@type":"SearchAction","target":{"@type":"EntryPoint","urlTemplate":"https:\/\/meic.cymru\/cy\/?s={search_term_string}"},"query-input":{"@type":"PropertyValueSpecification","valueRequired":true,"valueName":"search_term_string"}}],"inLanguage":"cy-GB"},{"@type":"Organization","@id":"https:\/\/meic.cymru\/cy\/#organization","name":"Meic","url":"https:\/\/meic.cymru\/cy\/","logo":{"@type":"ImageObject","inLanguage":"cy-GB","@id":"https:\/\/meic.cymru\/cy\/#\/schema\/logo\/image\/","url":"https:\/\/meic.cymru\/wp-content\/uploads\/2025\/07\/meic-logo.png","contentUrl":"https:\/\/meic.cymru\/wp-content\/uploads\/2025\/07\/meic-logo.png","width":197,"height":86,"caption":"Meic"},"image":{"@id":"https:\/\/meic.cymru\/cy\/#\/schema\/logo\/image\/"}}]}},"_links":{"self":[{"href":"https:\/\/meic.cymru\/cy\/wp-json\/wp\/v2\/pages\/5683","targetHints":{"allow":["GET"]}}],"collection":[{"href":"https:\/\/meic.cymru\/cy\/wp-json\/wp\/v2\/pages"}],"about":[{"href":"https:\/\/meic.cymru\/cy\/wp-json\/wp\/v2\/types\/page"}],"author":[{"embeddable":true,"href":"https:\/\/meic.cymru\/cy\/wp-json\/wp\/v2\/users\/2"}],"replies":[{"embeddable":true,"href":"https:\/\/meic.cymru\/cy\/wp-json\/wp\/v2\/comments?post=5683"}],"version-history":[{"count":2,"href":"https:\/\/meic.cymru\/cy\/wp-json\/wp\/v2\/pages\/5683\/revisions"}],"predecessor-version":[{"id":8632,"href":"https:\/\/meic.cymru\/cy\/wp-json\/wp\/v2\/pages\/5683\/revisions\/8632"}],"wp:attachment":[{"href":"https:\/\/meic.cymru\/cy\/wp-json\/wp\/v2\/media?parent=5683"}],"wp:term":[{"taxonomy":"category","embeddable":true,"href":"https:\/\/meic.cymru\/cy\/wp-json\/wp\/v2\/categories?post=5683"}],"curies":[{"name":"wp","href":"https:\/\/api.w.org\/{rel}","templated":true}]}}