{"id":5350,"date":"2025-08-14T11:13:42","date_gmt":"2025-08-14T10:13:42","guid":{"rendered":"https:\/\/meic.cymru\/?page_id=5350"},"modified":"2025-09-01T17:17:18","modified_gmt":"2025-09-01T16:17:18","slug":"e-smygu-ac-ysmygu","status":"publish","type":"page","link":"https:\/\/meic.cymru\/cy\/e-smygu-ac-ysmygu\/","title":{"rendered":"F\u00eaps a Smocio"},"content":{"rendered":"<\/div>\n<div  class=\"getting-help-content-block\" style=\"\">\n\n    \n\n    <div class=\"container-narrow mx-auto container lg:mb-20\">\n        <div class=\" py-12\">\n                            <img loading=\"lazy\" decoding=\"async\" width=\"264\" height=\"256\" src=\"https:\/\/meic.cymru\/wp-content\/uploads\/2025\/07\/Untitled-design-33-1.png\" class=\"mx-auto\" alt=\"\" \/>                    <\/div>\n        <div class=\"\">\n                            <h1 class=\" text-center\">Iechyd<\/h1>\n                \n                    <\/div>\n    <\/div>\n\n    <div class=\"container mx-auto\">\n\n\n        <div class=\"flex items-start flex-wrap justify-between\">\n            <div class=\"\">\n                                    <h3 class=\" \">Dewis is-gategori isod<\/h3>\n                                            <\/div>\n        <\/div>\n    <\/div>\n\n    \n        <div class=\"container complex-accordion mx-auto pb-20\">\n\n\n            <div class=\"flex items-start flex-wrap justify-between\">\n                <div class=\"lg:basis-1\/4 lg:w-1\/4 lg:pr-12 lg:pt-12 w-full\">\n\n                    <!--                    <div class=\"block accordion-trigger active mb-4\">-->\n                    <!--                        -->                    <!--                    <\/div>-->\n                                            \n                                                    <a href=\"https:\/\/meic.cymru\/cy\/alcohol\/#accordion\"\n                               class=\"block accordion-trigger mb-4 \">\n                                Alcohol                            <\/a>\n                                                                    \n                                                    <a href=\"https:\/\/meic.cymru\/cy\/bod-yn-sal\/#accordion\"\n                               class=\"block accordion-trigger mb-4 \">\n                                Bod yn S\u00e2l                            <\/a>\n                                                                    \n                                                    <a href=\"https:\/\/meic.cymru\/cy\/cadwn-iach\/#accordion\"\n                               class=\"block accordion-trigger mb-4 \">\n                                Cadw&#8217;n Iach                            <\/a>\n                                                                    \n                                                    <a href=\"https:\/\/meic.cymru\/cy\/cyffuriau\/#accordion\"\n                               class=\"block accordion-trigger mb-4 \">\n                                Cyffuriau                            <\/a>\n                                                                    \n                                                    <a href=\"https:\/\/meic.cymru\/cy\/e-smygu-ac-ysmygu\/#accordion\"\n                               class=\"block accordion-trigger mb-4 active\">\n                                F\u00eaps a Smocio                            <\/a>\n                                                                    \n                                                    <a href=\"https:\/\/meic.cymru\/cy\/glasoed\/#accordion\"\n                               class=\"block accordion-trigger mb-4 \">\n                                Glasoed                            <\/a>\n                                                                                <\/div>\n\n                <div class=\"lg:basis-3\/4 lg:w-3\/4 w-full\">\n                    <div id=\"accordion\" class=\"accordion lg:bg-grey h-full rounded-[3.5rem] lg:p-12 pt-6\">\n                        <div class=\"acf-innerblocks-container\">\n\n<p>Mae sigar\u00e9ts ac e-sigar\u00e9ts (f\u00eaps) yn cynnwys nicotin, sylwedd caethiwus sydd yn golygu ei bod yn anodd stopio ar \u00f4l i ti gychwyn.<\/p>\n\n\n\n<p>Y prif wahaniaeth yw bod sigar\u00e9ts yn llosgi tybaco, gan greu tocsinau niweidiol. Mae f\u00eaps yn defnyddio dyfais electroneg i droi hylif nicotin yn ager.<\/p>\n\n\n\n<p>Mae f\u00eaps a smocio yn niweidiol i\u2019r corff. Nid yw byth yn rhy hwyr i stopio.<\/p>\n\n\n\n<p>Mae\u2019n rhaid bod yn 18 neu\u2019n h\u0177n i brynu sigar\u00e9ts neu f\u00eaps.<\/p>\n\n\n\n<p>Os wyt ti\u2019n poeni am f\u00eapio neu smocio, gallet ti geisio siarad ag oedolyn fedri di ymddiried ynddynt neu gysylltu gyda ni ar linell gymorth Meic.<\/p>\n\n\n\n<p>Gallet ti hefyd edrych ar un o\u2019r gwasanaethau isod am wybodaeth neu gymorth:<\/p>\n\n\n\n<div style=\"height:40px\" aria-hidden=\"true\" class=\"wp-block-spacer\"><\/div>\n\n\n\n<div class=\"wp-block-columns is-layout-flex wp-container-core-columns-is-layout-9d6595d7 wp-block-columns-is-layout-flex\">\n<div class=\"wp-block-column is-layout-flow wp-block-column-is-layout-flow\">\n<div class=\"wp-block-buttons is-content-justification-center is-layout-flex wp-container-core-buttons-is-layout-16018d1d wp-block-buttons-is-layout-flex\">\n<div class=\"wp-block-button has-custom-width wp-block-button__width-100\"><a class=\"wp-block-button__link has-background wp-element-button\" href=\"https:\/\/www.nhs.uk\/better-health\/quit-smoking\/vaping-to-quit-smoking\/\" style=\"background-color:#985aa4\" target=\"_blank\" rel=\"noreferrer noopener\">F\u00eapio i stopio smocio<\/a><\/div>\n<\/div>\n<\/div>\n\n\n\n<div class=\"wp-block-column is-layout-flow wp-block-column-is-layout-flow\">\n<div class=\"wp-block-buttons is-layout-flex wp-block-buttons-is-layout-flex\">\n<div class=\"wp-block-button has-custom-width wp-block-button__width-100\"><a class=\"wp-block-button__link has-background wp-element-button\" href=\"https:\/\/www.cancerresearchuk.org\/about-cancer\/causes-of-cancer\/smoking-and-cancer\/is-vaping-harmful\" style=\"background-color:#985aa4\" target=\"_blank\" rel=\"noreferrer noopener\">A yw f\u00eaps yn niweidiol?<\/a><\/div>\n<\/div>\n<\/div>\n<\/div>\n\n\n\n<div class=\"wp-block-columns is-layout-flex wp-container-core-columns-is-layout-9d6595d7 wp-block-columns-is-layout-flex\">\n<div class=\"wp-block-column is-layout-flow wp-block-column-is-layout-flow\">\n<div class=\"wp-block-buttons is-content-justification-center is-layout-flex wp-container-core-buttons-is-layout-16018d1d wp-block-buttons-is-layout-flex\">\n<div class=\"wp-block-button has-custom-width wp-block-button__width-100\"><a class=\"wp-block-button__link has-background wp-element-button\" href=\"https:\/\/ash.wales\/beth-am-esigarets\/\" style=\"background-color:#985aa4\" target=\"_blank\" rel=\"noreferrer noopener\">Beth yw f\u00eaps?<\/a><\/div>\n<\/div>\n<\/div>\n\n\n\n<div class=\"wp-block-column is-layout-flow wp-block-column-is-layout-flow\">\n<div class=\"wp-block-buttons is-layout-flex wp-block-buttons-is-layout-flex\">\n<div class=\"wp-block-button has-custom-width wp-block-button__width-100\"><a class=\"wp-block-button__link has-background wp-element-button\" href=\"https:\/\/www.helpafiistopio.cymru\/\" style=\"background-color:#985aa4\" target=\"_blank\" rel=\"noreferrer noopener\">Helpa fi i stopio<\/a><\/div>\n<\/div>\n<\/div>\n<\/div>\n\n\n\n<div style=\"height:40px\" aria-hidden=\"true\" class=\"wp-block-spacer\"><\/div>\n\n\n\n<h3 class=\"wp-block-heading\">Mae yna lawer o flogiau ar Meic. Dyma rhai ohonynt sydd yn edrych ar f\u00eapio a smocio:<\/h3>\n\n<\/div>\n\n                        \n                                                        <div class=\"max-w-full\">\n                                \n\n<style>\n    .swiper-button-prev:after, .swiper-button-next:after {\n        content: none;\n    }\n<\/style>\n\n    <div class=\"featured-blogs relative max-w-[1440px] mx-auto\">\n                    <div class=\"featured-blogs__image\">\n                            <\/div>\n        \n                    <h2 class=\"text-purple text-center\">Iechyd<\/h2>\n        \n        <div class=\"swiper-container relative overflow-hidden mb-20 featured-blogs__list\">\n            <div class=\"swiper-wrapper\">\n                                    <div class=\"swiper-slide !h-auto\">\n                        \n<div class=\"bg-blue h-full rounded-[3.5rem] px-8 py-12\">\n    <div class=\"flex items-center justify-start\">\n\n        <div class=\"basis-1\/3\">\n        <\/div>\n\n            <\/div>\n    <a href=\"https:\/\/meic.cymru\/cy\/2025\/06\/25\/wythnos-caru-dy-ysgyfaint\/\">\n        <div class=\"flex items-start justify-start\">\n            <div class=\"basis-1\/3\">\n                                    <img loading=\"lazy\" decoding=\"async\" width=\"300\" height=\"200\" src=\"https:\/\/meic.cymru\/wp-content\/uploads\/2025\/07\/rear-view-healthy-women-climbing-stairs-scaled-1-300x200.jpg\" class=\"rounded-full w-full h-full max-w-[250px] aspect-square object-cover mt-4 wp-post-image\" alt=\"\" srcset=\"https:\/\/meic.cymru\/wp-content\/uploads\/2025\/07\/rear-view-healthy-women-climbing-stairs-scaled-1-300x200.jpg 300w, https:\/\/meic.cymru\/wp-content\/uploads\/2025\/07\/rear-view-healthy-women-climbing-stairs-scaled-1-1024x683.jpg 1024w, https:\/\/meic.cymru\/wp-content\/uploads\/2025\/07\/rear-view-healthy-women-climbing-stairs-scaled-1-768x512.jpg 768w, https:\/\/meic.cymru\/wp-content\/uploads\/2025\/07\/rear-view-healthy-women-climbing-stairs-scaled-1-1536x1024.jpg 1536w, https:\/\/meic.cymru\/wp-content\/uploads\/2025\/07\/rear-view-healthy-women-climbing-stairs-scaled-1-2048x1366.jpg 2048w\" sizes=\"auto, (max-width: 300px) 100vw, 300px\" \/>                            <\/div>\n\n            <div class=\"basis-2\/3 pl-4\">\n                <div>\n                    <h3 class=\"text-green !my-4\">Wythnos Caru dy Ysgyfaint 2025<\/h3>\n                    <div class=\"text-white blog-excerpt\">\n                        Mae hi\u2019n Wythnos Caru dy Ysgyfaint yr wythnos hon (23-27 o Fehefin). Ymgyrch gan Asthma and Lung UK i godi ymwybyddiaeth ac annog pobl i gymryd camau i wella iechyd eu hysgyfaint. Pam bod yr wythnos hon yn bwysig? Gyda chlefyd yr ysgyfaint yn effeithio ar fwy o bobl na chlefyd y galon a chanser [&hellip;]                    <\/div>\n                <\/div>\n            <\/div>\n        <\/div>\n    <\/a>\n<\/div>\n                    <\/div>\n                                    <div class=\"swiper-slide !h-auto\">\n                        \n<div class=\"bg-blue h-full rounded-[3.5rem] px-8 py-12\">\n    <div class=\"flex items-center justify-start\">\n\n        <div class=\"basis-1\/3\">\n        <\/div>\n\n            <\/div>\n    <a href=\"https:\/\/meic.cymru\/cy\/2023\/07\/16\/ydy-e-smygu-vaping-yn-ddiogel-i-bobl-ifanc\/\">\n        <div class=\"flex items-start justify-start\">\n            <div class=\"basis-1\/3\">\n                                    <img loading=\"lazy\" decoding=\"async\" width=\"300\" height=\"200\" src=\"https:\/\/meic.cymru\/wp-content\/uploads\/2025\/07\/young-girl-smokes-vape-closeup-dark-background-scaled-1-300x200.jpg\" class=\"rounded-full w-full h-full max-w-[250px] aspect-square object-cover mt-4 wp-post-image\" alt=\"\" srcset=\"https:\/\/meic.cymru\/wp-content\/uploads\/2025\/07\/young-girl-smokes-vape-closeup-dark-background-scaled-1-300x200.jpg 300w, https:\/\/meic.cymru\/wp-content\/uploads\/2025\/07\/young-girl-smokes-vape-closeup-dark-background-scaled-1-1024x683.jpg 1024w, https:\/\/meic.cymru\/wp-content\/uploads\/2025\/07\/young-girl-smokes-vape-closeup-dark-background-scaled-1-768x512.jpg 768w, https:\/\/meic.cymru\/wp-content\/uploads\/2025\/07\/young-girl-smokes-vape-closeup-dark-background-scaled-1-1536x1025.jpg 1536w, https:\/\/meic.cymru\/wp-content\/uploads\/2025\/07\/young-girl-smokes-vape-closeup-dark-background-scaled-1-2048x1366.jpg 2048w\" sizes=\"auto, (max-width: 300px) 100vw, 300px\" \/>                            <\/div>\n\n            <div class=\"basis-2\/3 pl-4\">\n                <div>\n                    <h3 class=\"text-green !my-4\">Ydy E-smygu (Vaping) yn Ddiogel i Bobl Ifanc?<\/h3>\n                    <div class=\"text-white blog-excerpt\">\n                        Nid yw Meic yma i ddweud wrthyt ti beth ddylet ti, neu dylet ti ddim gwneud. Rydym yma i roi gwybodaeth a chyngor fel y gallet ti wneud penderfyniadau gwybodus. Yn y blog yma, edrychwn ar e-smygu a&#8217;r peryglon. Beth yw e-smygu? Mae e-sigar\u00e9t, neu vape, yn ddyfais sydd yn rhedeg ar fatri sydd yn [&hellip;]                    <\/div>\n                <\/div>\n            <\/div>\n        <\/div>\n    <\/a>\n<\/div>\n                    <\/div>\n                            <\/div>\n\n            <div class=\"swiper-button-prev\">\n                <svg width=\"28\" height=\"63\" viewBox=\"0 0 28 63\" fill=\"none\" xmlns=\"http:\/\/www.w3.org\/2000\/svg\">\n                    <path d=\"M25 60L4 32.2703L25 3\" stroke=\"#B1B1B1\" stroke-width=\"6\" stroke-linecap=\"round\"\/>\n                <\/svg>\n\n            <\/div>\n            <div class=\"swiper-button-next\">\n                <svg width=\"28\" height=\"63\" viewBox=\"0 0 28 63\" fill=\"none\" xmlns=\"http:\/\/www.w3.org\/2000\/svg\">\n                    <path d=\"M3 3L24 30.7297L3 60\" stroke=\"#B1B1B1\" stroke-width=\"6\" stroke-linecap=\"round\"\/>\n                <\/svg>\n\n            <\/div>\n        <\/div>\n        <div class=\"swiper-pagination !-bottom-10\"><\/div>\n    <\/div>\n                            <\/div>\n                                            <\/div>\n                <\/div>\n            <\/div>\n        <\/div>\n\n    <\/div>\n\n<div class=\"container container-narrow mx-auto\">","protected":false},"excerpt":{"rendered":"","protected":false},"author":2,"featured_media":0,"parent":0,"menu_order":0,"comment_status":"closed","ping_status":"closed","template":"","meta":{"_acf_changed":false,"footnotes":""},"categories":[1676],"class_list":["post-5350","page","type-page","status-publish","hentry","category-feps-a-smocio"],"acf":[],"yoast_head":"<!-- This site is optimized with the Yoast SEO plugin v25.4 - https:\/\/yoast.com\/wordpress\/plugins\/seo\/ -->\n<title>F\u00eaps a Smocio - Meic<\/title>\n<meta name=\"description\" content=\"Tudalen Cael Help Meic gyda gwybodaeth am F\u00eaps a Smocio, ble i fynd i gael help a dolenni i flogiau defnyddiol\" \/>\n<meta name=\"robots\" content=\"index, follow, max-snippet:-1, max-image-preview:large, max-video-preview:-1\" \/>\n<link rel=\"canonical\" href=\"https:\/\/meic.cymru\/cy\/e-smygu-ac-ysmygu\/\" \/>\n<meta property=\"og:locale\" content=\"cy_GB\" \/>\n<meta property=\"og:type\" content=\"article\" \/>\n<meta property=\"og:title\" content=\"F\u00eaps a Smocio - Meic\" \/>\n<meta property=\"og:description\" content=\"Tudalen Cael Help Meic gyda gwybodaeth am F\u00eaps a Smocio, ble i fynd i gael help a dolenni i flogiau defnyddiol\" \/>\n<meta property=\"og:url\" content=\"https:\/\/meic.cymru\/cy\/e-smygu-ac-ysmygu\/\" \/>\n<meta property=\"og:site_name\" content=\"Meic\" \/>\n<meta property=\"article:modified_time\" content=\"2025-09-01T16:17:18+00:00\" \/>\n<meta name=\"twitter:card\" content=\"summary_large_image\" \/>\n<meta name=\"twitter:label1\" content=\"Est. reading time\" \/>\n\t<meta name=\"twitter:data1\" content=\"1 minute\" \/>\n<script type=\"application\/ld+json\" class=\"yoast-schema-graph\">{\"@context\":\"https:\/\/schema.org\",\"@graph\":[{\"@type\":\"WebPage\",\"@id\":\"https:\/\/meic.cymru\/cy\/e-smygu-ac-ysmygu\/\",\"url\":\"https:\/\/meic.cymru\/cy\/e-smygu-ac-ysmygu\/\",\"name\":\"F\u00eaps a Smocio - Meic\",\"isPartOf\":{\"@id\":\"https:\/\/meic.cymru\/cy\/#website\"},\"datePublished\":\"2025-08-14T10:13:42+00:00\",\"dateModified\":\"2025-09-01T16:17:18+00:00\",\"description\":\"Tudalen Cael Help Meic gyda gwybodaeth am F\u00eaps a Smocio, ble i fynd i gael help a dolenni i flogiau defnyddiol\",\"breadcrumb\":{\"@id\":\"https:\/\/meic.cymru\/cy\/e-smygu-ac-ysmygu\/#breadcrumb\"},\"inLanguage\":\"cy-GB\",\"potentialAction\":[{\"@type\":\"ReadAction\",\"target\":[\"https:\/\/meic.cymru\/cy\/e-smygu-ac-ysmygu\/\"]}]},{\"@type\":\"BreadcrumbList\",\"@id\":\"https:\/\/meic.cymru\/cy\/e-smygu-ac-ysmygu\/#breadcrumb\",\"itemListElement\":[{\"@type\":\"ListItem\",\"position\":1,\"name\":\"Home\",\"item\":\"https:\/\/meic.cymru\/cy\/\"},{\"@type\":\"ListItem\",\"position\":2,\"name\":\"F\u00eaps a Smocio\"}]},{\"@type\":\"WebSite\",\"@id\":\"https:\/\/meic.cymru\/cy\/#website\",\"url\":\"https:\/\/meic.cymru\/cy\/\",\"name\":\"Meic\",\"description\":\"\",\"publisher\":{\"@id\":\"https:\/\/meic.cymru\/cy\/#organization\"},\"potentialAction\":[{\"@type\":\"SearchAction\",\"target\":{\"@type\":\"EntryPoint\",\"urlTemplate\":\"https:\/\/meic.cymru\/cy\/?s={search_term_string}\"},\"query-input\":{\"@type\":\"PropertyValueSpecification\",\"valueRequired\":true,\"valueName\":\"search_term_string\"}}],\"inLanguage\":\"cy-GB\"},{\"@type\":\"Organization\",\"@id\":\"https:\/\/meic.cymru\/cy\/#organization\",\"name\":\"Meic\",\"url\":\"https:\/\/meic.cymru\/cy\/\",\"logo\":{\"@type\":\"ImageObject\",\"inLanguage\":\"cy-GB\",\"@id\":\"https:\/\/meic.cymru\/cy\/#\/schema\/logo\/image\/\",\"url\":\"https:\/\/meic.cymru\/wp-content\/uploads\/2025\/07\/meic-logo.png\",\"contentUrl\":\"https:\/\/meic.cymru\/wp-content\/uploads\/2025\/07\/meic-logo.png\",\"width\":197,\"height\":86,\"caption\":\"Meic\"},\"image\":{\"@id\":\"https:\/\/meic.cymru\/cy\/#\/schema\/logo\/image\/\"}}]}<\/script>\n<!-- \/ Yoast SEO plugin. -->","yoast_head_json":{"title":"F\u00eaps a Smocio - Meic","description":"Tudalen Cael Help Meic gyda gwybodaeth am F\u00eaps a Smocio, ble i fynd i gael help a dolenni i flogiau defnyddiol","robots":{"index":"index","follow":"follow","max-snippet":"max-snippet:-1","max-image-preview":"max-image-preview:large","max-video-preview":"max-video-preview:-1"},"canonical":"https:\/\/meic.cymru\/cy\/e-smygu-ac-ysmygu\/","og_locale":"cy_GB","og_type":"article","og_title":"F\u00eaps a Smocio - Meic","og_description":"Tudalen Cael Help Meic gyda gwybodaeth am F\u00eaps a Smocio, ble i fynd i gael help a dolenni i flogiau defnyddiol","og_url":"https:\/\/meic.cymru\/cy\/e-smygu-ac-ysmygu\/","og_site_name":"Meic","article_modified_time":"2025-09-01T16:17:18+00:00","twitter_card":"summary_large_image","twitter_misc":{"Est. reading time":"1 minute"},"schema":{"@context":"https:\/\/schema.org","@graph":[{"@type":"WebPage","@id":"https:\/\/meic.cymru\/cy\/e-smygu-ac-ysmygu\/","url":"https:\/\/meic.cymru\/cy\/e-smygu-ac-ysmygu\/","name":"F\u00eaps a Smocio - Meic","isPartOf":{"@id":"https:\/\/meic.cymru\/cy\/#website"},"datePublished":"2025-08-14T10:13:42+00:00","dateModified":"2025-09-01T16:17:18+00:00","description":"Tudalen Cael Help Meic gyda gwybodaeth am F\u00eaps a Smocio, ble i fynd i gael help a dolenni i flogiau defnyddiol","breadcrumb":{"@id":"https:\/\/meic.cymru\/cy\/e-smygu-ac-ysmygu\/#breadcrumb"},"inLanguage":"cy-GB","potentialAction":[{"@type":"ReadAction","target":["https:\/\/meic.cymru\/cy\/e-smygu-ac-ysmygu\/"]}]},{"@type":"BreadcrumbList","@id":"https:\/\/meic.cymru\/cy\/e-smygu-ac-ysmygu\/#breadcrumb","itemListElement":[{"@type":"ListItem","position":1,"name":"Home","item":"https:\/\/meic.cymru\/cy\/"},{"@type":"ListItem","position":2,"name":"F\u00eaps a Smocio"}]},{"@type":"WebSite","@id":"https:\/\/meic.cymru\/cy\/#website","url":"https:\/\/meic.cymru\/cy\/","name":"Meic","description":"","publisher":{"@id":"https:\/\/meic.cymru\/cy\/#organization"},"potentialAction":[{"@type":"SearchAction","target":{"@type":"EntryPoint","urlTemplate":"https:\/\/meic.cymru\/cy\/?s={search_term_string}"},"query-input":{"@type":"PropertyValueSpecification","valueRequired":true,"valueName":"search_term_string"}}],"inLanguage":"cy-GB"},{"@type":"Organization","@id":"https:\/\/meic.cymru\/cy\/#organization","name":"Meic","url":"https:\/\/meic.cymru\/cy\/","logo":{"@type":"ImageObject","inLanguage":"cy-GB","@id":"https:\/\/meic.cymru\/cy\/#\/schema\/logo\/image\/","url":"https:\/\/meic.cymru\/wp-content\/uploads\/2025\/07\/meic-logo.png","contentUrl":"https:\/\/meic.cymru\/wp-content\/uploads\/2025\/07\/meic-logo.png","width":197,"height":86,"caption":"Meic"},"image":{"@id":"https:\/\/meic.cymru\/cy\/#\/schema\/logo\/image\/"}}]}},"_links":{"self":[{"href":"https:\/\/meic.cymru\/cy\/wp-json\/wp\/v2\/pages\/5350","targetHints":{"allow":["GET"]}}],"collection":[{"href":"https:\/\/meic.cymru\/cy\/wp-json\/wp\/v2\/pages"}],"about":[{"href":"https:\/\/meic.cymru\/cy\/wp-json\/wp\/v2\/types\/page"}],"author":[{"embeddable":true,"href":"https:\/\/meic.cymru\/cy\/wp-json\/wp\/v2\/users\/2"}],"replies":[{"embeddable":true,"href":"https:\/\/meic.cymru\/cy\/wp-json\/wp\/v2\/comments?post=5350"}],"version-history":[{"count":1,"href":"https:\/\/meic.cymru\/cy\/wp-json\/wp\/v2\/pages\/5350\/revisions"}],"predecessor-version":[{"id":5352,"href":"https:\/\/meic.cymru\/cy\/wp-json\/wp\/v2\/pages\/5350\/revisions\/5352"}],"wp:attachment":[{"href":"https:\/\/meic.cymru\/cy\/wp-json\/wp\/v2\/media?parent=5350"}],"wp:term":[{"taxonomy":"category","embeddable":true,"href":"https:\/\/meic.cymru\/cy\/wp-json\/wp\/v2\/categories?post=5350"}],"curies":[{"name":"wp","href":"https:\/\/api.w.org\/{rel}","templated":true}]}}