{"id":5204,"date":"2025-07-08T15:50:12","date_gmt":"2025-07-08T14:50:12","guid":{"rendered":"https:\/\/meic.cymru\/frequently-asked-questions\/"},"modified":"2026-01-14T16:23:20","modified_gmt":"2026-01-14T16:23:20","slug":"cwestiynau-cyffredin","status":"publish","type":"page","link":"https:\/\/meic.cymru\/cy\/cwestiynau-cyffredin\/","title":{"rendered":"Cwestiynau Cyffredin"},"content":{"rendered":"\n<\/div>\n<div  class=\"header-block\" style=\"\">\n        <div class=\"container-narrow mx-auto container mb-20\">\n            <div class=\" py-6\">\n                                    <img loading=\"lazy\" decoding=\"async\" width=\"250\" height=\"250\" src=\"https:\/\/meic.cymru\/wp-content\/uploads\/2026\/01\/FAQ-e1768404802127.png\" class=\"mx-auto\" alt=\"Frog thinking\" \/>                            <\/div>\n            <div class=\"\">\n                                    <h1 class=\" text-center text-purple\">Cwestiynau Cyffredin<\/h1>\n                                                            <\/div>\n    <\/div>\n\n\n    \n<\/div>\n\n<div class=\"container container-narrow mx-auto\">\n\n<\/div>\n<div  class=\"accordion-block\" style=\"\">\n    \n    <div class=\"container container-narrow mx-auto py-20\">\n        <div class=\"accordion\">\n                            <div class=\"accordion-item mb-4\">\n                    <a href=\"#\" class=\"accordion-trigger mb-6 active\" data-target=\"#collapse-0\">\n                        <h2 class=\"\">A fydd Meic yn dweud wrth rywun am y pethau rydym wedi trafod?<\/h2>\n                    <\/a>\n                    <div id=\"collapse-0\" class=\"block\">\n                        <div class=\"accordion-body\">\n                            <div class=\"faq\">\n<div class=\"answer\">\n<p>Fel arfer na\u2026 oni bai ein bod yn teimlo bod rhywun arall mewn perygl enbyd neu wedi\u2019u hanafu. Mae yna sawl rheswm gallai hyn ddigwydd ac mae posib darllen ein polisi cyfrinachol llawn am esboniad mwy manwl.<\/p>\n<\/div>\n<\/div>\n<div class=\"faq\">\n<div class=\"question\"><\/div>\n<\/div>\n                        <\/div>\n                    <\/div>\n                <\/div>\n                            <div class=\"accordion-item mb-4\">\n                    <a href=\"#\" class=\"accordion-trigger mb-6 \" data-target=\"#collapse-1\">\n                        <h2 class=\"\">Beth sy\u2019n digwydd os ydw i angen Meic ar \u00f4l hanner nos<\/h2>\n                    <\/a>\n                    <div id=\"collapse-1\" class=\"hidden\">\n                        <div class=\"accordion-body\">\n                            <p>Er y gallet ti gysylltu \u00e2 ni unrhyw amser rhwng 8yb a hanner nos, ni allem ateb y tu allan i\u2019r oriau yma. Ond paid poeni, bydd gen ti ddewis i gael cysylltu gyda Childline, Y Samariaid, neu Galw Iechyd Cymru.<\/p>\n                        <\/div>\n                    <\/div>\n                <\/div>\n                            <div class=\"accordion-item mb-4\">\n                    <a href=\"#\" class=\"accordion-trigger mb-6 \" data-target=\"#collapse-2\">\n                        <h2 class=\"\">Ydy&#039;r galwad ff\u00f4n am ddim ac yn dangos ar y bil ff\u00f4n?<\/h2>\n                    <\/a>\n                    <div id=\"collapse-2\" class=\"hidden\">\n                        <div class=\"accordion-body\">\n                            <p>Mae galwadau ff\u00f4n i Meic am ddim ac nid ydynt yn ymddangos ar filiau ff\u00f4n BT neu gebl. Ar hyn o bryd mae galwadau ff\u00f4n i Meic ar 0808 80 23456 yn rhad ac am ddim o\u2019r holl rwydweithiau fel 3, BT Mobile, Fresh, O2, Orange, T Mobile, Virgin, Vodafone. Rydym ar ddeall na fydd y galwadau ff\u00f4n yn ymddangos ar unrhyw un o\u2019r biliau hyn.<\/p>\n<p>Cofia: bydd y rhif ff\u00f4n yn ymddangos yn y rhestr o rifau a ddeialwyd ar dy ff\u00f4n symudol fel 0808 80 23456. Os nad wyt am i bobl weld y rhif ar dy ff\u00f4n, cofia ei ddileu o dy restr galwadau.<\/p>\n                        <\/div>\n                    <\/div>\n                <\/div>\n                            <div class=\"accordion-item mb-4\">\n                    <a href=\"#\" class=\"accordion-trigger mb-6 \" data-target=\"#collapse-3\">\n                        <h2 class=\"\">Pwy o Meic sydd yn cael gwybod am y pethau dwi&#039;n siarad?<\/h2>\n                    <\/a>\n                    <div id=\"collapse-3\" class=\"hidden\">\n                        <div class=\"accordion-body\">\n                            <p>Weithiau bydd goruchwylydd Meic yn gwrando ar yr alwad ff\u00f4n neu\u2019n darllen dy neges destun, neges ar-lein neu neges WhatsApp i sicrhau bod cynghorwyr Meic yn dy helpu di yn y ffordd orau bosib.<\/p>\n<p>Ni fyddwn yn cadw cofnod o dy negeseuon yma yn Meic ond byddwn yn cofnodi nifer y galwadau, negeseuon testun, negeseuon ar-lein a\u2019r negeseuon WhatsApp y byddwn yn eu cael. Byddwn hefyd yn cofnodi pa fath o gymorth a roddwn ond nid ydym yn cadw unrhyw wybodaeth am y person a gafodd y cymorth hwnnw.<\/p>\n<p>Pan fyddi di\u2019n anfon neges testun i linell gymorth Meic gallwn ni weld negeseuon testun eraill a anfonwyd o\u2019r rhif ff\u00f4n hwnnw ond ni fyddwn yn gwybod pwy wyt ti nac yn gwybod beth yw dy rif di.<\/p>\n                        <\/div>\n                    <\/div>\n                <\/div>\n                            <div class=\"accordion-item mb-4\">\n                    <a href=\"#\" class=\"accordion-trigger mb-6 \" data-target=\"#collapse-4\">\n                        <h2 class=\"\">Rhagor o gwestiynau?<\/h2>\n                    <\/a>\n                    <div id=\"collapse-4\" class=\"hidden\">\n                        <div class=\"accordion-body\">\n                            <div class=\"faq\">\n<div class=\"answer\">\n<p>Cysyllta \u00e2 Meic wrth ffonio neu yrru neges WhatsApp ar 080 880 23456, tecstio 07943 114 449 neu gyrra neges ar sgwrs ar-lein.<\/p>\n<\/div>\n<\/div>\n<div class=\"faq\">\n<div class=\"question\"><\/div>\n<\/div>\n                        <\/div>\n                    <\/div>\n                <\/div>\n                            <div class=\"accordion-item mb-4\">\n                    <a href=\"#\" class=\"accordion-trigger mb-6 \" data-target=\"#collapse-5\">\n                        <h2 class=\"\">Ydych chi&#039;n gweld fy rhif ff\u00f4n?<\/h2>\n                    <\/a>\n                    <div id=\"collapse-5\" class=\"hidden\">\n                        <div class=\"accordion-body\">\n                            <p>Na, nid ydym yn gwybod beth yw dy rif ff\u00f4n os nad wyt ti\u2019n dweud.<\/p>\n                        <\/div>\n                    <\/div>\n                <\/div>\n                            <div class=\"accordion-item mb-4\">\n                    <a href=\"#\" class=\"accordion-trigger mb-6 \" data-target=\"#collapse-6\">\n                        <h2 class=\"\">Oes rhaid i mi ddweud unrhyw beth amdanaf i fy hun wrth Meic?<\/h2>\n                    <\/a>\n                    <div id=\"collapse-6\" class=\"hidden\">\n                        <div class=\"accordion-body\">\n                            <p>Na, dim ond os wyt ti eisiau.<\/p>\n<p>Efallai y byddwn yn gofyn dy oedran a ble ti\u2019n byw yng Nghymru fel y gallwn ddod o hyd i wybodaeth a fydd yn ddefnyddiol i ti. Ond ti sy\u2019n rheoli beth rwyt yn ei ddweud wrthym.<\/p>\n<p>Os wyt eisiau inni gysylltu \u00e2 rhywun arall ar dy ran, neu gysylltu \u00e2 sefydliad arall a allai fod o help i ti yn dy fywyd, efallai y byddi am roi dy enw, cyfeiriad, manylion cyswllt a gwybodaeth arall fel arall \u2013 ond dy ddewis di yw hynny.<\/p>\n                        <\/div>\n                    <\/div>\n                <\/div>\n                            <div class=\"accordion-item mb-4\">\n                    <a href=\"#\" class=\"accordion-trigger mb-6 \" data-target=\"#collapse-7\">\n                        <h2 class=\"\">A all unrhyw un weld fy mod wedi defnyddio fy nghyfrifiadur gartref i gysylltu \u00e2 Meic?<\/h2>\n                    <\/a>\n                    <div id=\"collapse-7\" class=\"hidden\">\n                        <div class=\"accordion-body\">\n                            <p>Ni all unrhyw un ddarllen unrhyw negeseuon rwyt ti wedi\u2019u hanfon i Meic neu a gefaist oddi wrth Meic cyn belled \u00e2 dy fod yn cadw dy gyfrinair yn breifat. Mae\u2019n bosib i rywun weld hanes y gwefannau rwyt ti wedi ymweld \u00e2 nhw ar dy gyfrifiadur, ond gelli ddileu\u2019r hanes.<\/p>\n                        <\/div>\n                    <\/div>\n                <\/div>\n                            <div class=\"accordion-item mb-4\">\n                    <a href=\"#\" class=\"accordion-trigger mb-6 \" data-target=\"#collapse-8\">\n                        <h2 class=\"\">Beth yw eiriolaeth?<\/h2>\n                    <\/a>\n                    <div id=\"collapse-8\" class=\"hidden\">\n                        <div class=\"accordion-body\">\n                            <p>Eiriolaeth yw helpu ti rannu dy feddyliau, dy deimladau a dy ddymuniadau am sefyllfa. Bydd eiriolwr yn gwrando arnat ti, helpu ti ddeall dy hawliau ac yn egluro dy opsiynau.<\/p>\n<p>Weithiau, byddi di\u2019n teimlo\u2019n ddigon hyderus i godi llais drosot ti dy hun. Dyma beth yw hunan-eirioli. Ond mae adegau pan fydd cael rhywun arall yno i helpu yn ddefnyddiol iawn. Gallent fod yn ffrind neu\u2019n frawd neu\u2019n chwaer (eiriolaeth gyfoed), cymydog neu aelod o\u2019r teulu (eiriolaeth anffurfiol), neu rywun proffesiynol fel athro neu weithiwr cefnogol (eiriolaeth ffurfiol).<\/p>\n<p>Mae gwasanaethau eiriolaeth arbennig sy\u2019n gwbl annibynnol o wasanaethau eraill. Dyma beth yw Eiriolaeth Broffesiynol Annibynnol (EBA) ac mae ar gael i rai pobl ifanc mewn sefyllfaoedd penodol.\u00a0 Gall EBA dy helpu i ddeall dy hawliau, egluro dy ddewisiadau a gwrando ar be ti eisiau dweud. Y peth gwych am EBA ydy eu bod yn annibynnol, sy\u2019n golygu eu bod yn gweithio i ti yn unig.<\/p>\n                        <\/div>\n                    <\/div>\n                <\/div>\n                    <\/div>\n    <\/div>\n\n    \n<\/div>\n\n<script>\n    document.addEventListener('DOMContentLoaded', function () {\n        const triggers = document.querySelectorAll('.accordion-trigger');\n\n        triggers.forEach(trigger => {\n            trigger.addEventListener('click', function (e) {\n                e.preventDefault();\n\n                const targetId = this.getAttribute('data-target');\n                const target = document.querySelector(targetId);\n\n                const allAccordions = document.querySelectorAll('.accordion-item > div');\n                allAccordions.forEach(item => item.classList.add('hidden'));\n\n                \/\/ Show the clicked item (toggle logic if desired)\n                target.classList.remove('hidden');\n\n                \/\/ Remove active class from all triggers\n                triggers.forEach(t => t.classList.remove('active'));\n                \/\/ Add active class to the clicked trigger\n                this.classList.add('active');\n            });\n        });\n    });\n\n<\/script>\n\n<div class=\"container container-narrow mx-auto\">","protected":false},"excerpt":{"rendered":"","protected":false},"author":1,"featured_media":8562,"parent":0,"menu_order":0,"comment_status":"closed","ping_status":"closed","template":"","meta":{"_acf_changed":false,"footnotes":""},"categories":[],"class_list":["post-5204","page","type-page","status-publish","has-post-thumbnail","hentry"],"acf":[],"yoast_head":"<!-- This site is optimized with the Yoast SEO plugin v25.4 - https:\/\/yoast.com\/wordpress\/plugins\/seo\/ -->\n<title>Cwestiynau Cyffredin - Meic<\/title>\n<meta name=\"robots\" content=\"index, follow, max-snippet:-1, max-image-preview:large, max-video-preview:-1\" \/>\n<link rel=\"canonical\" href=\"https:\/\/meic.cymru\/cy\/cwestiynau-cyffredin\/\" \/>\n<meta property=\"og:locale\" content=\"cy_GB\" \/>\n<meta property=\"og:type\" content=\"article\" \/>\n<meta property=\"og:title\" content=\"Cwestiynau Cyffredin - Meic\" \/>\n<meta property=\"og:url\" content=\"https:\/\/meic.cymru\/cy\/cwestiynau-cyffredin\/\" \/>\n<meta property=\"og:site_name\" content=\"Meic\" \/>\n<meta property=\"article:modified_time\" content=\"2026-01-14T16:23:20+00:00\" \/>\n<meta property=\"og:image\" content=\"https:\/\/meic.cymru\/wp-content\/uploads\/2026\/01\/FAQ-e1768404802127.png\" \/>\n\t<meta property=\"og:image:width\" content=\"250\" \/>\n\t<meta property=\"og:image:height\" content=\"250\" \/>\n\t<meta property=\"og:image:type\" content=\"image\/png\" \/>\n<meta name=\"twitter:card\" content=\"summary_large_image\" \/>\n<meta name=\"twitter:label1\" content=\"Est. reading time\" \/>\n\t<meta name=\"twitter:data1\" content=\"1 minute\" \/>\n<script type=\"application\/ld+json\" class=\"yoast-schema-graph\">{\"@context\":\"https:\/\/schema.org\",\"@graph\":[{\"@type\":\"WebPage\",\"@id\":\"https:\/\/meic.cymru\/cy\/cwestiynau-cyffredin\/\",\"url\":\"https:\/\/meic.cymru\/cy\/cwestiynau-cyffredin\/\",\"name\":\"Cwestiynau Cyffredin - Meic\",\"isPartOf\":{\"@id\":\"https:\/\/meic.cymru\/cy\/#website\"},\"primaryImageOfPage\":{\"@id\":\"https:\/\/meic.cymru\/cy\/cwestiynau-cyffredin\/#primaryimage\"},\"image\":{\"@id\":\"https:\/\/meic.cymru\/cy\/cwestiynau-cyffredin\/#primaryimage\"},\"thumbnailUrl\":\"https:\/\/meic.cymru\/wp-content\/uploads\/2026\/01\/FAQ-e1768404802127.png\",\"datePublished\":\"2025-07-08T14:50:12+00:00\",\"dateModified\":\"2026-01-14T16:23:20+00:00\",\"breadcrumb\":{\"@id\":\"https:\/\/meic.cymru\/cy\/cwestiynau-cyffredin\/#breadcrumb\"},\"inLanguage\":\"cy-GB\",\"potentialAction\":[{\"@type\":\"ReadAction\",\"target\":[\"https:\/\/meic.cymru\/cy\/cwestiynau-cyffredin\/\"]}]},{\"@type\":\"ImageObject\",\"inLanguage\":\"cy-GB\",\"@id\":\"https:\/\/meic.cymru\/cy\/cwestiynau-cyffredin\/#primaryimage\",\"url\":\"https:\/\/meic.cymru\/wp-content\/uploads\/2026\/01\/FAQ-e1768404802127.png\",\"contentUrl\":\"https:\/\/meic.cymru\/wp-content\/uploads\/2026\/01\/FAQ-e1768404802127.png\",\"width\":250,\"height\":250,\"caption\":\"Frog thinking\"},{\"@type\":\"BreadcrumbList\",\"@id\":\"https:\/\/meic.cymru\/cy\/cwestiynau-cyffredin\/#breadcrumb\",\"itemListElement\":[{\"@type\":\"ListItem\",\"position\":1,\"name\":\"Home\",\"item\":\"https:\/\/meic.cymru\/cy\/\"},{\"@type\":\"ListItem\",\"position\":2,\"name\":\"Cwestiynau Cyffredin\"}]},{\"@type\":\"WebSite\",\"@id\":\"https:\/\/meic.cymru\/cy\/#website\",\"url\":\"https:\/\/meic.cymru\/cy\/\",\"name\":\"Meic\",\"description\":\"\",\"publisher\":{\"@id\":\"https:\/\/meic.cymru\/cy\/#organization\"},\"potentialAction\":[{\"@type\":\"SearchAction\",\"target\":{\"@type\":\"EntryPoint\",\"urlTemplate\":\"https:\/\/meic.cymru\/cy\/?s={search_term_string}\"},\"query-input\":{\"@type\":\"PropertyValueSpecification\",\"valueRequired\":true,\"valueName\":\"search_term_string\"}}],\"inLanguage\":\"cy-GB\"},{\"@type\":\"Organization\",\"@id\":\"https:\/\/meic.cymru\/cy\/#organization\",\"name\":\"Meic\",\"url\":\"https:\/\/meic.cymru\/cy\/\",\"logo\":{\"@type\":\"ImageObject\",\"inLanguage\":\"cy-GB\",\"@id\":\"https:\/\/meic.cymru\/cy\/#\/schema\/logo\/image\/\",\"url\":\"https:\/\/meic.cymru\/wp-content\/uploads\/2025\/07\/meic-logo.png\",\"contentUrl\":\"https:\/\/meic.cymru\/wp-content\/uploads\/2025\/07\/meic-logo.png\",\"width\":197,\"height\":86,\"caption\":\"Meic\"},\"image\":{\"@id\":\"https:\/\/meic.cymru\/cy\/#\/schema\/logo\/image\/\"}}]}<\/script>\n<!-- \/ Yoast SEO plugin. -->","yoast_head_json":{"title":"Cwestiynau Cyffredin - Meic","robots":{"index":"index","follow":"follow","max-snippet":"max-snippet:-1","max-image-preview":"max-image-preview:large","max-video-preview":"max-video-preview:-1"},"canonical":"https:\/\/meic.cymru\/cy\/cwestiynau-cyffredin\/","og_locale":"cy_GB","og_type":"article","og_title":"Cwestiynau Cyffredin - Meic","og_url":"https:\/\/meic.cymru\/cy\/cwestiynau-cyffredin\/","og_site_name":"Meic","article_modified_time":"2026-01-14T16:23:20+00:00","og_image":[{"width":250,"height":250,"url":"https:\/\/meic.cymru\/wp-content\/uploads\/2026\/01\/FAQ-e1768404802127.png","type":"image\/png"}],"twitter_card":"summary_large_image","twitter_misc":{"Est. reading time":"1 minute"},"schema":{"@context":"https:\/\/schema.org","@graph":[{"@type":"WebPage","@id":"https:\/\/meic.cymru\/cy\/cwestiynau-cyffredin\/","url":"https:\/\/meic.cymru\/cy\/cwestiynau-cyffredin\/","name":"Cwestiynau Cyffredin - Meic","isPartOf":{"@id":"https:\/\/meic.cymru\/cy\/#website"},"primaryImageOfPage":{"@id":"https:\/\/meic.cymru\/cy\/cwestiynau-cyffredin\/#primaryimage"},"image":{"@id":"https:\/\/meic.cymru\/cy\/cwestiynau-cyffredin\/#primaryimage"},"thumbnailUrl":"https:\/\/meic.cymru\/wp-content\/uploads\/2026\/01\/FAQ-e1768404802127.png","datePublished":"2025-07-08T14:50:12+00:00","dateModified":"2026-01-14T16:23:20+00:00","breadcrumb":{"@id":"https:\/\/meic.cymru\/cy\/cwestiynau-cyffredin\/#breadcrumb"},"inLanguage":"cy-GB","potentialAction":[{"@type":"ReadAction","target":["https:\/\/meic.cymru\/cy\/cwestiynau-cyffredin\/"]}]},{"@type":"ImageObject","inLanguage":"cy-GB","@id":"https:\/\/meic.cymru\/cy\/cwestiynau-cyffredin\/#primaryimage","url":"https:\/\/meic.cymru\/wp-content\/uploads\/2026\/01\/FAQ-e1768404802127.png","contentUrl":"https:\/\/meic.cymru\/wp-content\/uploads\/2026\/01\/FAQ-e1768404802127.png","width":250,"height":250,"caption":"Frog thinking"},{"@type":"BreadcrumbList","@id":"https:\/\/meic.cymru\/cy\/cwestiynau-cyffredin\/#breadcrumb","itemListElement":[{"@type":"ListItem","position":1,"name":"Home","item":"https:\/\/meic.cymru\/cy\/"},{"@type":"ListItem","position":2,"name":"Cwestiynau Cyffredin"}]},{"@type":"WebSite","@id":"https:\/\/meic.cymru\/cy\/#website","url":"https:\/\/meic.cymru\/cy\/","name":"Meic","description":"","publisher":{"@id":"https:\/\/meic.cymru\/cy\/#organization"},"potentialAction":[{"@type":"SearchAction","target":{"@type":"EntryPoint","urlTemplate":"https:\/\/meic.cymru\/cy\/?s={search_term_string}"},"query-input":{"@type":"PropertyValueSpecification","valueRequired":true,"valueName":"search_term_string"}}],"inLanguage":"cy-GB"},{"@type":"Organization","@id":"https:\/\/meic.cymru\/cy\/#organization","name":"Meic","url":"https:\/\/meic.cymru\/cy\/","logo":{"@type":"ImageObject","inLanguage":"cy-GB","@id":"https:\/\/meic.cymru\/cy\/#\/schema\/logo\/image\/","url":"https:\/\/meic.cymru\/wp-content\/uploads\/2025\/07\/meic-logo.png","contentUrl":"https:\/\/meic.cymru\/wp-content\/uploads\/2025\/07\/meic-logo.png","width":197,"height":86,"caption":"Meic"},"image":{"@id":"https:\/\/meic.cymru\/cy\/#\/schema\/logo\/image\/"}}]}},"_links":{"self":[{"href":"https:\/\/meic.cymru\/cy\/wp-json\/wp\/v2\/pages\/5204","targetHints":{"allow":["GET"]}}],"collection":[{"href":"https:\/\/meic.cymru\/cy\/wp-json\/wp\/v2\/pages"}],"about":[{"href":"https:\/\/meic.cymru\/cy\/wp-json\/wp\/v2\/types\/page"}],"author":[{"embeddable":true,"href":"https:\/\/meic.cymru\/cy\/wp-json\/wp\/v2\/users\/1"}],"replies":[{"embeddable":true,"href":"https:\/\/meic.cymru\/cy\/wp-json\/wp\/v2\/comments?post=5204"}],"version-history":[{"count":4,"href":"https:\/\/meic.cymru\/cy\/wp-json\/wp\/v2\/pages\/5204\/revisions"}],"predecessor-version":[{"id":8588,"href":"https:\/\/meic.cymru\/cy\/wp-json\/wp\/v2\/pages\/5204\/revisions\/8588"}],"wp:featuredmedia":[{"embeddable":true,"href":"https:\/\/meic.cymru\/cy\/wp-json\/wp\/v2\/media\/8562"}],"wp:attachment":[{"href":"https:\/\/meic.cymru\/cy\/wp-json\/wp\/v2\/media?parent=5204"}],"wp:term":[{"taxonomy":"category","embeddable":true,"href":"https:\/\/meic.cymru\/cy\/wp-json\/wp\/v2\/categories?post=5204"}],"curies":[{"name":"wp","href":"https:\/\/api.w.org\/{rel}","templated":true}]}}